{"id":4847,"date":"2024-12-05T11:27:37","date_gmt":"2024-12-05T11:27:37","guid":{"rendered":"https:\/\/bevoltec.com\/kingpacks\/?post_type=product&#038;p=4847"},"modified":"2024-12-20T16:23:47","modified_gmt":"2024-12-20T16:23:47","slug":"saquinhos-pp-transp-com-fita-adesiva-5kg","status":"publish","type":"product","link":"https:\/\/bevoltec.com\/kingpacks\/loja\/saquinho-pp-pe\/saquinhos-pp-transp-com-fita-adesiva-5kg\/","title":{"rendered":"SACO SAQUINHOS TRANSPARENTE PP com Lacre \u201c fita adesiva \u201d \u2013 SOB MEDIDA &#8211; (PEQUENO, M\u00c9DIO ou GRANDE)"},"content":{"rendered":"<p>Fabricados em polipropileno (PP) de alta qualidade, esses sacos oferecem excelente resist\u00eancia, tornando-os ideais para embalar uma ampla variedade de produtos. Seu material transparente proporciona total visibilidade do conte\u00fado, permitindo uma apresenta\u00e7\u00e3o atraente dos itens embalados.<\/p>\n<p>Pagamento a vista \u2013 Pix ou Cart\u00e3o<br \/>\nFrete FOB ( Por conta do cliente ) \u2013 Para frete CIF consulte condi\u00e7\u00f5es.<\/p>\n<p>Pedido m\u00ednimo 200 Quilos.<br \/>\nTrabalhamos com sacolas nos pacotes de 5kg<br \/>\nSaquinhos consulte medidas e espessura \u2013 Temos estoque a partir de 0,6 micras<br \/>\nPara outras demandas consulte no e-mail: pedidos@kingpacks.com.br ou (12) 99740-1664<\/p>\n<p>&nbsp;<\/p>\n","protected":false},"excerpt":{"rendered":"<p>A principal caracter\u00edstica que diferencia esses sacos \u00e9 a presen\u00e7a da aba adesiva, que permite um fechamento r\u00e1pido e seguro, dispensando o uso de seladoras ou fitas adesivas adicionais.<\/p>\n<p>Formato de venda por Quilo.<\/p>\n<p>Unidades por embalagem: 5kg<\/p>\n<p>M\u00e9dia de unidades por pacote: 100 unidade<\/p>\n<p>Tamanho do saco pl\u00e1stico para folhas: Tamanho feito sob medida<\/p>\n<p>Material: pl\u00e1stico, pp, celofane.<\/p>\n<p>Espessura de 0.06mm.<\/p>\n<p>Embalagem \u00a0de armazenamento: Bijuterias, roupas, alimentos, itens diversos, pequenos produtos, acess\u00f3rios, componentes, organiza\u00e7\u00e3o e pap\u00e9is.<\/p>\n<p>*Valor para pedido m\u00ednimo em atacado 200kg.<\/p>\n","protected":false},"featured_media":4956,"comment_status":"open","ping_status":"closed","template":"","meta":{"_joinchat":[]},"product_cat":[259],"product_tag":[],"class_list":{"0":"post-4847","1":"product","2":"type-product","3":"status-publish","4":"has-post-thumbnail","6":"product_cat-saquinho-pp-pe","8":"first","9":"instock","10":"shipping-taxable","11":"purchasable","12":"product-type-simple","13":"col-xs-6 col-sm-4","14":"col-md-3 col-lg-3","15":"un-4-cols"},"_links":{"self":[{"href":"https:\/\/bevoltec.com\/kingpacks\/wp-json\/wp\/v2\/product\/4847","targetHints":{"allow":["GET"]}}],"collection":[{"href":"https:\/\/bevoltec.com\/kingpacks\/wp-json\/wp\/v2\/product"}],"about":[{"href":"https:\/\/bevoltec.com\/kingpacks\/wp-json\/wp\/v2\/types\/product"}],"replies":[{"embeddable":true,"href":"https:\/\/bevoltec.com\/kingpacks\/wp-json\/wp\/v2\/comments?post=4847"}],"wp:featuredmedia":[{"embeddable":true,"href":"https:\/\/bevoltec.com\/kingpacks\/wp-json\/wp\/v2\/media\/4956"}],"wp:attachment":[{"href":"https:\/\/bevoltec.com\/kingpacks\/wp-json\/wp\/v2\/media?parent=4847"}],"wp:term":[{"taxonomy":"product_cat","embeddable":true,"href":"https:\/\/bevoltec.com\/kingpacks\/wp-json\/wp\/v2\/product_cat?post=4847"},{"taxonomy":"product_tag","embeddable":true,"href":"https:\/\/bevoltec.com\/kingpacks\/wp-json\/wp\/v2\/product_tag?post=4847"}],"curies":[{"name":"wp","href":"https:\/\/api.w.org\/{rel}","templated":true}]}}