{"id":4845,"date":"2024-12-04T20:08:46","date_gmt":"2024-12-04T20:08:46","guid":{"rendered":"https:\/\/bevoltec.com\/kingpacks\/?post_type=product&#038;p=4845"},"modified":"2024-12-20T18:41:08","modified_gmt":"2024-12-20T18:41:08","slug":"saquinhos-pp-transparente-5kg","status":"publish","type":"product","link":"https:\/\/bevoltec.com\/kingpacks\/loja\/saquinho-pp-pe\/saquinhos-pp-transparente-5kg\/","title":{"rendered":"SACO SAQUINHOS TRANSPARENTE PP &#8211; SOB MEDIDA &#8211; (PEQUENO, M\u00c9DIO OU GRANDE)"},"content":{"rendered":"<p>Este saco de embalagem PP (polipropileno) transparente \u00e9 uma solu\u00e7\u00e3o vers\u00e1til e pr\u00e1tica para armazenamento e prote\u00e7\u00e3o de itens variados. Fabricado em polipropileno resistente e transparente, este saco fornece uma visualiza\u00e7\u00e3o clara do conte\u00fado interno, facilitando a identifica\u00e7\u00e3o do que est\u00e1 dentro sem a necessidade de abri-lo.<\/p>\n<p>Pagamento a vista \u2013 Pix ou Cart\u00e3o<br \/>\nFrete FOB ( Por conta do cliente ) \u2013 Para frete CIF consulte condi\u00e7\u00f5es.<\/p>\n<p>Pedido m\u00ednimo 200 Quilos.<br \/>\nTrabalhamos com sacolas nos pacotes de 5kg<br \/>\nSaquinhos consulte medidas e espessura \u2013 Temos estoque a partir de 0,6 micras<br \/>\nPara outras demandas consulte no e-mail: pedidos@kingpacks.com.br ou (12) 99740-1664<\/p>\n<p>&nbsp;<\/p>\n","protected":false},"excerpt":{"rendered":"<p>Formato de venda por Quilo.<\/p>\n<p>Unidades por embalagem: 5kg<\/p>\n<p>M\u00e9dia de unidades por pacote: 100 unidade<\/p>\n<p>Tamanho do saco pl\u00e1stico para folhas: Tamanho feito sob medida<\/p>\n<p>Material: pl\u00e1stico, pp, celofane.<\/p>\n<p>Espessura de 0.06mm.<\/p>\n<p>Embalagem \u00a0de armazenamento: roupas, alimentos, itens diversos, pequenos produtos, acess\u00f3rios, componentes, organiza\u00e7\u00e3o e pap\u00e9is.<\/p>\n<p>&nbsp;<\/p>\n<p>*Valor para pedido m\u00ednimo em atacado 200kg.<\/p>\n","protected":false},"featured_media":4957,"comment_status":"open","ping_status":"closed","template":"","meta":{"_joinchat":[]},"product_cat":[259],"product_tag":[],"class_list":{"0":"post-4845","1":"product","2":"type-product","3":"status-publish","4":"has-post-thumbnail","6":"product_cat-saquinho-pp-pe","8":"first","9":"instock","10":"shipping-taxable","11":"purchasable","12":"product-type-simple","13":"col-xs-6 col-sm-4","14":"col-md-3 col-lg-3","15":"un-4-cols"},"_links":{"self":[{"href":"https:\/\/bevoltec.com\/kingpacks\/wp-json\/wp\/v2\/product\/4845","targetHints":{"allow":["GET"]}}],"collection":[{"href":"https:\/\/bevoltec.com\/kingpacks\/wp-json\/wp\/v2\/product"}],"about":[{"href":"https:\/\/bevoltec.com\/kingpacks\/wp-json\/wp\/v2\/types\/product"}],"replies":[{"embeddable":true,"href":"https:\/\/bevoltec.com\/kingpacks\/wp-json\/wp\/v2\/comments?post=4845"}],"wp:featuredmedia":[{"embeddable":true,"href":"https:\/\/bevoltec.com\/kingpacks\/wp-json\/wp\/v2\/media\/4957"}],"wp:attachment":[{"href":"https:\/\/bevoltec.com\/kingpacks\/wp-json\/wp\/v2\/media?parent=4845"}],"wp:term":[{"taxonomy":"product_cat","embeddable":true,"href":"https:\/\/bevoltec.com\/kingpacks\/wp-json\/wp\/v2\/product_cat?post=4845"},{"taxonomy":"product_tag","embeddable":true,"href":"https:\/\/bevoltec.com\/kingpacks\/wp-json\/wp\/v2\/product_tag?post=4845"}],"curies":[{"name":"wp","href":"https:\/\/api.w.org\/{rel}","templated":true}]}}