{"id":4833,"date":"2024-12-04T20:02:44","date_gmt":"2024-12-04T20:02:44","guid":{"rendered":"https:\/\/bevoltec.com\/kingpacks\/?post_type=product&#038;p=4833"},"modified":"2024-12-20T13:27:36","modified_gmt":"2024-12-20T13:27:36","slug":"saco-para-lixo-60-litros","status":"publish","type":"product","link":"https:\/\/bevoltec.com\/kingpacks\/loja\/sacos-de-lixos\/saco-para-lixo-60-litros\/","title":{"rendered":"Saco de Lixo Refor\u00e7ado &#8211; 60 litros"},"content":{"rendered":"<p>O\u00a0<strong>Saco de Lixo Preto Refor\u00e7ado<\/strong>\u00a0\u00e9 resistente e confi\u00e1vel para o uso dom\u00e9stico e empresarial.<\/p>\n<p>A grande vantagem dos sacos para res\u00edduos refor\u00e7ados \u00e9 a super resist\u00eancia contra rasgos, flexibilidade e isolamentos de l\u00edquidos.<\/p>\n<p>Pagamento a vista \u2013 Pix ou Cart\u00e3o<br \/>\nFrete FOB ( Por conta do cliente ) \u2013 Para frete CIF consulte condi\u00e7\u00f5es.<\/p>\n<p>Pedido m\u00ednimo 200 Quilos.<br \/>\nTrabalhamos com sacolas nos pacotes de 5kg<br \/>\nSaquinhos consulte medidas e espessura \u2013 Temos estoque a partir de 0,6 micras<br \/>\nPara outras demandas consulte no e-mail: pedidos@kingpacks.com.br ou (12) 99740-1664<\/p>\n<p>&nbsp;<\/p>\n","protected":false},"excerpt":{"rendered":"<p>Saco de PEBD 100% reciclado com excelente resist\u00eancia e elasticidade para oferecer o melhor custo benef\u00edcio aos nossos clientes.<\/p>\n<p>Nossas medidas de estoque:<\/p>\n<p>20L, 40L, 60L, 80L, 100L, 120L, 200L e 250L<\/p>\n<p>Temos tr\u00eas espessuras de pronta entrega:<\/p>\n<p>Intermedi\u00e1rio 0,09 micras<\/p>\n<p>Refor\u00e7ado 0,18 micras<\/p>\n","protected":false},"featured_media":4831,"comment_status":"open","ping_status":"closed","template":"","meta":{"_joinchat":[]},"product_cat":[333],"product_tag":[],"class_list":{"0":"post-4833","1":"product","2":"type-product","3":"status-publish","4":"has-post-thumbnail","6":"product_cat-sacos-de-lixos","8":"first","9":"instock","10":"shipping-taxable","11":"purchasable","12":"product-type-simple","13":"col-xs-6 col-sm-4","14":"col-md-3 col-lg-3","15":"un-4-cols"},"_links":{"self":[{"href":"https:\/\/bevoltec.com\/kingpacks\/wp-json\/wp\/v2\/product\/4833","targetHints":{"allow":["GET"]}}],"collection":[{"href":"https:\/\/bevoltec.com\/kingpacks\/wp-json\/wp\/v2\/product"}],"about":[{"href":"https:\/\/bevoltec.com\/kingpacks\/wp-json\/wp\/v2\/types\/product"}],"replies":[{"embeddable":true,"href":"https:\/\/bevoltec.com\/kingpacks\/wp-json\/wp\/v2\/comments?post=4833"}],"wp:featuredmedia":[{"embeddable":true,"href":"https:\/\/bevoltec.com\/kingpacks\/wp-json\/wp\/v2\/media\/4831"}],"wp:attachment":[{"href":"https:\/\/bevoltec.com\/kingpacks\/wp-json\/wp\/v2\/media?parent=4833"}],"wp:term":[{"taxonomy":"product_cat","embeddable":true,"href":"https:\/\/bevoltec.com\/kingpacks\/wp-json\/wp\/v2\/product_cat?post=4833"},{"taxonomy":"product_tag","embeddable":true,"href":"https:\/\/bevoltec.com\/kingpacks\/wp-json\/wp\/v2\/product_tag?post=4833"}],"curies":[{"name":"wp","href":"https:\/\/api.w.org\/{rel}","templated":true}]}}