{"id":4818,"date":"2024-12-04T19:56:37","date_gmt":"2024-12-04T19:56:37","guid":{"rendered":"https:\/\/bevoltec.com\/kingpacks\/?post_type=product&#038;p=4818"},"modified":"2024-12-20T13:11:42","modified_gmt":"2024-12-20T13:11:42","slug":"sacolas-5kg-pebd-preta","status":"publish","type":"product","link":"https:\/\/bevoltec.com\/kingpacks\/loja\/sacolas\/sacolas-5kg-pebd-preta\/","title":{"rendered":"Sacolas 5KG Preta \u2013 Refor\u00e7ada"},"content":{"rendered":"<p><strong>Sacolas de al\u00e7a camiseta: resist\u00eancia e economia em um s\u00f3 produto<\/strong><\/p>\n<p>As sacolas de al\u00e7a camiseta s\u00e3o fabricadas em material de alta densidade, oferecendo excelente custo-benef\u00edcio por serem mais econ\u00f4micas que outros modelos.<\/p>\n<p>Recomendadas para diversos segmentos do com\u00e9rcio, como supermercados, adegas, hortifr\u00fatis, farm\u00e1cias, padarias, a\u00e7ougues, entre outros.<\/p>\n<p>Pagamento a vista \u2013 Pix ou Cart\u00e3o<br \/>\nFrete FOB ( Por conta do cliente ) \u2013 Para frete CIF consulte condi\u00e7\u00f5es.<\/p>\n<p>Pedido m\u00ednimo 200 Quilos.<br \/>\nTrabalhamos com sacolas nos pacotes de 5kg<br \/>\nSaquinhos consulte medidas e espessura \u2013 Temos estoque a partir de 0,6 micras<br \/>\nPara outras demandas consulte no e-mail: pedidos@kingpacks.com.br ou (12) 99740-1664<\/p>\n","protected":false},"excerpt":{"rendered":"<p>Dimens\u00f5es:<\/p>\n<p>30 cm de Largura x 40 cm de Altura.<\/p>\n<p>35 cm de Largura x 45 cm de Altura.<\/p>\n<p>38 cm de Largura x 48 cm de Altura.<\/p>\n<p>40 cm de Largura x 50 cm de Altura.<\/p>\n<p>45 cm de Largura x 60 cm de Altura.<\/p>\n<p>50 cm de Largura x 70 cm de Altura.<\/p>\n<p>60 cm de Largura x 80 cm de Altura.<\/p>\n<p>70 cm de Largura x 90 cm de Altura.<\/p>\n<p>90 cm de Largura x 100 cm de Altura.<\/p>\n<p>&nbsp;<\/p>\n<p>Modelo: Camiseta, comumente usados em com\u00e9rcios como adega, farm\u00e1cias, padarias, confeitarias e similares.<\/p>\n<p>Capacidade de Sustenta\u00e7\u00e3o: Pode variar de acordo com tamanho de material.<\/p>\n<p>Composi\u00e7\u00e3o Material: Polietileno de Alta Densidade (PEAD)<\/p>\n<p>Espessura: 0,6 micras, garantindo robustez e resist\u00eancia.<\/p>\n","protected":false},"featured_media":4817,"comment_status":"open","ping_status":"closed","template":"","meta":{"_joinchat":[]},"product_cat":[331],"product_tag":[],"class_list":{"0":"post-4818","1":"product","2":"type-product","3":"status-publish","4":"has-post-thumbnail","6":"product_cat-sacolas","8":"first","9":"instock","10":"shipping-taxable","11":"purchasable","12":"product-type-variable","13":"col-xs-6 col-sm-4","14":"col-md-3 col-lg-3","15":"un-4-cols"},"_links":{"self":[{"href":"https:\/\/bevoltec.com\/kingpacks\/wp-json\/wp\/v2\/product\/4818","targetHints":{"allow":["GET"]}}],"collection":[{"href":"https:\/\/bevoltec.com\/kingpacks\/wp-json\/wp\/v2\/product"}],"about":[{"href":"https:\/\/bevoltec.com\/kingpacks\/wp-json\/wp\/v2\/types\/product"}],"replies":[{"embeddable":true,"href":"https:\/\/bevoltec.com\/kingpacks\/wp-json\/wp\/v2\/comments?post=4818"}],"wp:featuredmedia":[{"embeddable":true,"href":"https:\/\/bevoltec.com\/kingpacks\/wp-json\/wp\/v2\/media\/4817"}],"wp:attachment":[{"href":"https:\/\/bevoltec.com\/kingpacks\/wp-json\/wp\/v2\/media?parent=4818"}],"wp:term":[{"taxonomy":"product_cat","embeddable":true,"href":"https:\/\/bevoltec.com\/kingpacks\/wp-json\/wp\/v2\/product_cat?post=4818"},{"taxonomy":"product_tag","embeddable":true,"href":"https:\/\/bevoltec.com\/kingpacks\/wp-json\/wp\/v2\/product_tag?post=4818"}],"curies":[{"name":"wp","href":"https:\/\/api.w.org\/{rel}","templated":true}]}}