{"id":137,"date":"2017-11-28T08:28:53","date_gmt":"2017-11-28T08:28:53","guid":{"rendered":"http:\/\/demo2.drfuri.com\/martfury10\/?page_id=137"},"modified":"2024-12-05T19:54:34","modified_gmt":"2024-12-05T19:54:34","slug":"faqs","status":"publish","type":"page","link":"https:\/\/bevoltec.com\/kingpacks\/faqs\/","title":{"rendered":"FAQs"},"content":{"rendered":"\t\t<div data-elementor-type=\"wp-post\" data-elementor-id=\"137\" class=\"elementor elementor-137\" data-elementor-post-type=\"page\">\n\t\t\t\t\t\t<section class=\"elementor-section elementor-top-section elementor-element elementor-element-16b61fc9 elementor-section-boxed elementor-section-height-default elementor-section-height-default\" data-id=\"16b61fc9\" data-element_type=\"section\" data-e-type=\"section\">\n\t\t\t\t\t\t<div class=\"elementor-container elementor-column-gap-default\">\n\t\t\t\t\t<div class=\"elementor-column elementor-col-100 elementor-top-column elementor-element elementor-element-65ffc55\" data-id=\"65ffc55\" data-element_type=\"column\" data-e-type=\"column\">\n\t\t\t<div class=\"elementor-widget-wrap elementor-element-populated\">\n\t\t\t\t\t\t<div class=\"elementor-element elementor-element-21f748e3 elementor-widget elementor-widget-spacer\" data-id=\"21f748e3\" data-element_type=\"widget\" data-e-type=\"widget\" data-widget_type=\"spacer.default\">\n\t\t\t\t<div class=\"elementor-widget-container\">\n\t\t\t\t\t\t\t<div class=\"elementor-spacer\">\n\t\t\t<div class=\"elementor-spacer-inner\"><\/div>\n\t\t<\/div>\n\t\t\t\t\t\t<\/div>\n\t\t\t\t<\/div>\n\t\t\t\t\t<\/div>\n\t\t<\/div>\n\t\t\t\t\t<\/div>\n\t\t<\/section>\n\t\t\t\t<section class=\"elementor-section elementor-top-section elementor-element elementor-element-57dacb49 elementor-section-boxed elementor-section-height-default elementor-section-height-default\" data-id=\"57dacb49\" data-element_type=\"section\" data-e-type=\"section\">\n\t\t\t\t\t\t<div class=\"elementor-container elementor-column-gap-default\">\n\t\t\t\t\t<div class=\"elementor-column elementor-col-100 elementor-top-column elementor-element elementor-element-5dcbb199\" data-id=\"5dcbb199\" data-element_type=\"column\" data-e-type=\"column\">\n\t\t\t<div class=\"elementor-widget-wrap elementor-element-populated\">\n\t\t\t\t\t\t<div class=\"elementor-element elementor-element-247fbb61 elementor-widget elementor-widget-heading\" data-id=\"247fbb61\" data-element_type=\"widget\" data-e-type=\"widget\" data-widget_type=\"heading.default\">\n\t\t\t\t<div class=\"elementor-widget-container\">\n\t\t\t\t\t<h2 class=\"elementor-heading-title elementor-size-default\">Perguntas frequentes<\/h2>\t\t\t\t<\/div>\n\t\t\t\t<\/div>\n\t\t\t\t<div class=\"elementor-element elementor-element-3c7ca3a4 elementor-widget elementor-widget-spacer\" data-id=\"3c7ca3a4\" data-element_type=\"widget\" data-e-type=\"widget\" data-widget_type=\"spacer.default\">\n\t\t\t\t<div class=\"elementor-widget-container\">\n\t\t\t\t\t\t\t<div class=\"elementor-spacer\">\n\t\t\t<div class=\"elementor-spacer-inner\"><\/div>\n\t\t<\/div>\n\t\t\t\t\t\t<\/div>\n\t\t\t\t<\/div>\n\t\t\t\t\t<\/div>\n\t\t<\/div>\n\t\t\t\t\t<\/div>\n\t\t<\/section>\n\t\t\t\t<section class=\"elementor-section elementor-top-section elementor-element elementor-element-2c2384c7 elementor-section-boxed elementor-section-height-default elementor-section-height-default\" data-id=\"2c2384c7\" data-element_type=\"section\" data-e-type=\"section\">\n\t\t\t\t\t\t<div class=\"elementor-container elementor-column-gap-default\">\n\t\t\t\t\t<div class=\"elementor-column elementor-col-100 elementor-top-column elementor-element elementor-element-3e239fbf\" data-id=\"3e239fbf\" data-element_type=\"column\" data-e-type=\"column\">\n\t\t\t<div class=\"elementor-widget-wrap elementor-element-populated\">\n\t\t\t\t\t\t<div class=\"elementor-element elementor-element-70fb3c52 elementor-widget elementor-widget-martfury-faqs\" data-id=\"70fb3c52\" data-element_type=\"widget\" data-e-type=\"widget\" data-widget_type=\"martfury-faqs.default\">\n\t\t\t\t<div class=\"elementor-widget-container\">\n\t\t\t\t\t<div class=\"martfury-faq_group\"><div class=\"row\"><div class=\"col-gtitle col-md-3 col-sm-3 col-xs-12\"><h2 class=\"g-title\">ENVIO<\/h2><\/div><div class=\"col-md-9 col-sm-9 col-xs-12\"><div class=\"row\"><div class=\"faq-item\"><div class=\"col-title col-md-5 col-sm-5 col-xs-12\"> <h3 class=\"title\">Quais m\u00e9todos de envio est\u00e3o dispon\u00edveis?<\/h3><\/div><div class=\"col-md-7 col-sm-7 col-xs-12\"> <div class=\"desc\">Ex Portland Pitchfork irure mustache. Eutra fap before they sold out literally. Aliquip ugh bicycle rights actually mlkshk, seitan squid craft beer tempor.<\/div><\/div><\/div><div class=\"faq-item\"><div class=\"col-title col-md-5 col-sm-5 col-xs-12\"> <h3 class=\"title\">Quanto tempo levar\u00e1 para receber meu pacote?<\/h3><\/div><div class=\"col-md-7 col-sm-7 col-xs-12\"> <div class=\"desc\">\nSwag slow-carb quinoa VHS typewriter pork belly brunch, paleo single-origin coffee Wes Anderson. Flexitarian Pitchfork forage, literally paleo fap pour-over. Wes Anderson Pinterest YOLO fanny pack meggings, deep v XOXO chambray sustainable slow-carb raw denim church-key fap chillwave Etsy. +1 typewriter kitsch, American Apparel tofu Banksy Vice.<\/div><\/div><\/div><\/div><\/div><\/div><\/div>\t\t\t\t<\/div>\n\t\t\t\t<\/div>\n\t\t\t\t<div class=\"elementor-element elementor-element-43060ca6 elementor-widget elementor-widget-spacer\" data-id=\"43060ca6\" data-element_type=\"widget\" data-e-type=\"widget\" data-widget_type=\"spacer.default\">\n\t\t\t\t<div class=\"elementor-widget-container\">\n\t\t\t\t\t\t\t<div class=\"elementor-spacer\">\n\t\t\t<div class=\"elementor-spacer-inner\"><\/div>\n\t\t<\/div>\n\t\t\t\t\t\t<\/div>\n\t\t\t\t<\/div>\n\t\t\t\t<div class=\"elementor-element elementor-element-4401544b elementor-widget-divider--view-line elementor-widget elementor-widget-divider\" data-id=\"4401544b\" data-element_type=\"widget\" data-e-type=\"widget\" data-widget_type=\"divider.default\">\n\t\t\t\t<div class=\"elementor-widget-container\">\n\t\t\t\t\t\t\t<div class=\"elementor-divider\">\n\t\t\t<span class=\"elementor-divider-separator\">\n\t\t\t\t\t\t<\/span>\n\t\t<\/div>\n\t\t\t\t\t\t<\/div>\n\t\t\t\t<\/div>\n\t\t\t\t<div class=\"elementor-element elementor-element-68fffb36 elementor-widget elementor-widget-spacer\" data-id=\"68fffb36\" data-element_type=\"widget\" data-e-type=\"widget\" data-widget_type=\"spacer.default\">\n\t\t\t\t<div class=\"elementor-widget-container\">\n\t\t\t\t\t\t\t<div class=\"elementor-spacer\">\n\t\t\t<div class=\"elementor-spacer-inner\"><\/div>\n\t\t<\/div>\n\t\t\t\t\t\t<\/div>\n\t\t\t\t<\/div>\n\t\t\t\t<div class=\"elementor-element elementor-element-69365301 elementor-widget elementor-widget-martfury-faqs\" data-id=\"69365301\" data-element_type=\"widget\" data-e-type=\"widget\" data-widget_type=\"martfury-faqs.default\">\n\t\t\t\t<div class=\"elementor-widget-container\">\n\t\t\t\t\t<div class=\"martfury-faq_group\"><div class=\"row\"><div class=\"col-gtitle col-md-3 col-sm-3 col-xs-12\"><h2 class=\"g-title\">PAGAMENTO<\/h2><\/div><div class=\"col-md-9 col-sm-9 col-xs-12\"><div class=\"row\"><div class=\"faq-item\"><div class=\"col-title col-md-5 col-sm-5 col-xs-12\"> <h3 class=\"title\">Quais m\u00e9todos de pagamento s\u00e3o aceitos?<\/h3><\/div><div class=\"col-md-7 col-sm-7 col-xs-12\"> <div class=\"desc\">\nFashion axe DIY jean shorts, swag kale chips meh polaroid kogi butcher Wes Anderson chambray next level semiotics gentrify yr. Voluptate photo booth fugiat Vice. Austin sed Williamsburg, ea labore raw denim voluptate cred proident mixtape excepteur mustache. Twee chia photo booth readymade food truck, hoodie roof party swag keytar PBR DIY.<\/div><\/div><\/div><\/div><\/div><\/div><\/div>\t\t\t\t<\/div>\n\t\t\t\t<\/div>\n\t\t\t\t<div class=\"elementor-element elementor-element-2a43f9bc elementor-widget elementor-widget-spacer\" data-id=\"2a43f9bc\" data-element_type=\"widget\" data-e-type=\"widget\" data-widget_type=\"spacer.default\">\n\t\t\t\t<div class=\"elementor-widget-container\">\n\t\t\t\t\t\t\t<div class=\"elementor-spacer\">\n\t\t\t<div class=\"elementor-spacer-inner\"><\/div>\n\t\t<\/div>\n\t\t\t\t\t\t<\/div>\n\t\t\t\t<\/div>\n\t\t\t\t<div class=\"elementor-element elementor-element-4dc38c21 elementor-widget-divider--view-line elementor-widget elementor-widget-divider\" data-id=\"4dc38c21\" data-element_type=\"widget\" data-e-type=\"widget\" data-widget_type=\"divider.default\">\n\t\t\t\t<div class=\"elementor-widget-container\">\n\t\t\t\t\t\t\t<div class=\"elementor-divider\">\n\t\t\t<span class=\"elementor-divider-separator\">\n\t\t\t\t\t\t<\/span>\n\t\t<\/div>\n\t\t\t\t\t\t<\/div>\n\t\t\t\t<\/div>\n\t\t\t\t<div class=\"elementor-element elementor-element-1ed914d6 elementor-widget elementor-widget-spacer\" data-id=\"1ed914d6\" data-element_type=\"widget\" data-e-type=\"widget\" data-widget_type=\"spacer.default\">\n\t\t\t\t<div class=\"elementor-widget-container\">\n\t\t\t\t\t\t\t<div class=\"elementor-spacer\">\n\t\t\t<div class=\"elementor-spacer-inner\"><\/div>\n\t\t<\/div>\n\t\t\t\t\t\t<\/div>\n\t\t\t\t<\/div>\n\t\t\t\t<div class=\"elementor-element elementor-element-1619321 elementor-widget elementor-widget-martfury-faqs\" data-id=\"1619321\" data-element_type=\"widget\" data-e-type=\"widget\" data-widget_type=\"martfury-faqs.default\">\n\t\t\t\t<div class=\"elementor-widget-container\">\n\t\t\t\t\t<div class=\"martfury-faq_group\"><div class=\"row\"><div class=\"col-gtitle col-md-3 col-sm-3 col-xs-12\"><h2 class=\"g-title\">Pedido e Devolu\u00e7\u00f5es<\/h2><\/div><div class=\"col-md-9 col-sm-9 col-xs-12\"><div class=\"row\"><div class=\"faq-item\"><div class=\"col-title col-md-5 col-sm-5 col-xs-12\"> <h3 class=\"title\">Como fa\u00e7o um pedido?<\/h3><\/div><div class=\"col-md-7 col-sm-7 col-xs-12\"> <div class=\"desc\">Keytar cray slow-carb, Godard banh mi salvia pour-over. Slow-carb Odd Future seitan normcore. Master cleanse American Apparel gentrify flexitarian beard slow-carb next level. Raw denim polaroid paleo farm-to-table, put a bird on it lo-fi tattooed Wes Anderson Pinterest letterpress. Fingerstache McSweeney\u2019s pour-over, letterpress Schlitz photo booth master cleanse bespoke hashtag chillwave gentrify.<\/div><\/div><\/div><div class=\"faq-item\"><div class=\"col-title col-md-5 col-sm-5 col-xs-12\"> <h3 class=\"title\">Como posso cancelar ou alterar meu pedido?<\/h3><\/div><div class=\"col-md-7 col-sm-7 col-xs-12\"> <div class=\"desc\">Plaid letterpress leggings craft beer meh ethical Pinterest. Art party authentic freegan semiotics jean shorts chia cred. Neutra Austin roof party Brooklyn, synth Thundercats swag 8-bit photo booth.<\/div><\/div><\/div><div class=\"faq-item\"><div class=\"col-title col-md-5 col-sm-5 col-xs-12\"> <h3 class=\"title\">Como fa\u00e7o para rastrear meu pedido?<\/h3><\/div><div class=\"col-md-7 col-sm-7 col-xs-12\"> <div class=\"desc\">Keytar cray slow-carb, Godard banh mi salvia pour-over. Slow-carb @Odd Future seitan normcore. Master cleanse American Apparel gentrify flexitarian beard slow-carb next level.<\/div><\/div><\/div><div class=\"faq-item\"><div class=\"col-title col-md-5 col-sm-5 col-xs-12\"> <h3 class=\"title\">Como posso devolver um produto?<\/h3><\/div><div class=\"col-md-7 col-sm-7 col-xs-12\"> <div class=\"desc\">Kale chips Truffaut Williamsburg, hashtag fixie Pinterest raw denim c hambray drinking vinegar Carles street art Bushwick gastropub. Wolf Tumblr paleo church-key. Plaid food truck Echo Park YOLO bitters hella, direct trade Thundercats leggings quinoa before they sold out. You probably haven\u2019t heard of them wayfarers authentic umami drinking vinegar Pinterest Cosby sweater, fingerstache fap High Life.<\/div><\/div><\/div><\/div><\/div><\/div><\/div>\t\t\t\t<\/div>\n\t\t\t\t<\/div>\n\t\t\t\t<div class=\"elementor-element elementor-element-16a6e3f5 elementor-widget elementor-widget-spacer\" data-id=\"16a6e3f5\" data-element_type=\"widget\" data-e-type=\"widget\" data-widget_type=\"spacer.default\">\n\t\t\t\t<div class=\"elementor-widget-container\">\n\t\t\t\t\t\t\t<div class=\"elementor-spacer\">\n\t\t\t<div class=\"elementor-spacer-inner\"><\/div>\n\t\t<\/div>\n\t\t\t\t\t\t<\/div>\n\t\t\t\t<\/div>\n\t\t\t\t\t<\/div>\n\t\t<\/div>\n\t\t\t\t\t<\/div>\n\t\t<\/section>\n\t\t\t\t<\/div>\n\t\t","protected":false},"excerpt":{"rendered":"<p>Perguntas frequentes ENVIO Quais m\u00e9todos de envio est\u00e3o dispon\u00edveis? Ex Portland Pitchfork irure mustache. Eutra fap before they sold out literally. Aliquip ugh bicycle rights actually mlkshk, seitan squid craft beer tempor. Quanto tempo levar\u00e1 para receber meu pacote? Swag slow-carb quinoa VHS typewriter pork belly brunch, paleo single-origin coffee Wes Anderson. Flexitarian Pitchfork forage,&hellip;<\/p>\n","protected":false},"author":1,"featured_media":0,"parent":0,"menu_order":0,"comment_status":"closed","ping_status":"closed","template":"template-full-width.php","meta":{"_joinchat":[],"footnotes":""},"class_list":["post-137","page","type-page","status-publish","hentry"],"_links":{"self":[{"href":"https:\/\/bevoltec.com\/kingpacks\/wp-json\/wp\/v2\/pages\/137","targetHints":{"allow":["GET"]}}],"collection":[{"href":"https:\/\/bevoltec.com\/kingpacks\/wp-json\/wp\/v2\/pages"}],"about":[{"href":"https:\/\/bevoltec.com\/kingpacks\/wp-json\/wp\/v2\/types\/page"}],"author":[{"embeddable":true,"href":"https:\/\/bevoltec.com\/kingpacks\/wp-json\/wp\/v2\/users\/1"}],"replies":[{"embeddable":true,"href":"https:\/\/bevoltec.com\/kingpacks\/wp-json\/wp\/v2\/comments?post=137"}],"version-history":[{"count":3,"href":"https:\/\/bevoltec.com\/kingpacks\/wp-json\/wp\/v2\/pages\/137\/revisions"}],"predecessor-version":[{"id":4877,"href":"https:\/\/bevoltec.com\/kingpacks\/wp-json\/wp\/v2\/pages\/137\/revisions\/4877"}],"wp:attachment":[{"href":"https:\/\/bevoltec.com\/kingpacks\/wp-json\/wp\/v2\/media?parent=137"}],"curies":[{"name":"wp","href":"https:\/\/api.w.org\/{rel}","templated":true}]}}