{"id":129,"date":"2017-11-28T08:26:45","date_gmt":"2017-11-28T08:26:45","guid":{"rendered":"http:\/\/demo2.drfuri.com\/martfury10\/?page_id=129"},"modified":"2024-12-20T16:29:02","modified_gmt":"2024-12-20T16:29:02","slug":"quem-somos","status":"publish","type":"page","link":"https:\/\/bevoltec.com\/kingpacks\/quem-somos\/","title":{"rendered":"Quem somos"},"content":{"rendered":"\t\t<div data-elementor-type=\"wp-post\" data-elementor-id=\"129\" class=\"elementor elementor-129\" data-elementor-post-type=\"page\">\n\t\t\t\t\t\t<section class=\"elementor-section elementor-top-section elementor-element elementor-element-160dbc6b elementor-section-full_width elementor-section-stretched elementor-section-height-default elementor-section-height-default\" data-id=\"160dbc6b\" data-element_type=\"section\" data-e-type=\"section\" data-settings=\"{&quot;stretch_section&quot;:&quot;section-stretched&quot;,&quot;background_background&quot;:&quot;classic&quot;}\">\n\t\t\t\t\t\t<div class=\"elementor-container elementor-column-gap-no\">\n\t\t\t\t\t<div class=\"elementor-column elementor-col-100 elementor-top-column elementor-element elementor-element-92390d5\" data-id=\"92390d5\" data-element_type=\"column\" data-e-type=\"column\">\n\t\t\t<div class=\"elementor-widget-wrap elementor-element-populated\">\n\t\t\t\t\t\t<div class=\"elementor-element elementor-element-8a7568b elementor-widget elementor-widget-spacer\" data-id=\"8a7568b\" data-element_type=\"widget\" data-e-type=\"widget\" data-widget_type=\"spacer.default\">\n\t\t\t\t<div class=\"elementor-widget-container\">\n\t\t\t\t\t\t\t<div class=\"elementor-spacer\">\n\t\t\t<div class=\"elementor-spacer-inner\"><\/div>\n\t\t<\/div>\n\t\t\t\t\t\t<\/div>\n\t\t\t\t<\/div>\n\t\t\t\t<div class=\"elementor-element elementor-element-1e8c90b1 elementor-widget elementor-widget-spacer\" data-id=\"1e8c90b1\" data-element_type=\"widget\" data-e-type=\"widget\" data-widget_type=\"spacer.default\">\n\t\t\t\t<div class=\"elementor-widget-container\">\n\t\t\t\t\t\t\t<div class=\"elementor-spacer\">\n\t\t\t<div class=\"elementor-spacer-inner\"><\/div>\n\t\t<\/div>\n\t\t\t\t\t\t<\/div>\n\t\t\t\t<\/div>\n\t\t\t\t\t<\/div>\n\t\t<\/div>\n\t\t\t\t\t<\/div>\n\t\t<\/section>\n\t\t\t\t<section class=\"elementor-section elementor-top-section elementor-element elementor-element-3fdd1868 elementor-section-boxed elementor-section-height-default elementor-section-height-default\" data-id=\"3fdd1868\" data-element_type=\"section\" data-e-type=\"section\">\n\t\t\t\t\t\t<div class=\"elementor-container elementor-column-gap-extended\">\n\t\t\t\t\t<div class=\"elementor-column elementor-col-33 elementor-top-column elementor-element elementor-element-7ce91383\" data-id=\"7ce91383\" data-element_type=\"column\" data-e-type=\"column\">\n\t\t\t<div class=\"elementor-widget-wrap\">\n\t\t\t\t\t\t\t<\/div>\n\t\t<\/div>\n\t\t\t\t<div class=\"elementor-column elementor-col-33 elementor-top-column elementor-element elementor-element-5af793c6\" data-id=\"5af793c6\" data-element_type=\"column\" data-e-type=\"column\">\n\t\t\t<div class=\"elementor-widget-wrap elementor-element-populated\">\n\t\t\t\t\t\t<div class=\"elementor-element elementor-element-5ccd079a elementor-widget elementor-widget-spacer\" data-id=\"5ccd079a\" data-element_type=\"widget\" data-e-type=\"widget\" data-widget_type=\"spacer.default\">\n\t\t\t\t<div class=\"elementor-widget-container\">\n\t\t\t\t\t\t\t<div class=\"elementor-spacer\">\n\t\t\t<div class=\"elementor-spacer-inner\"><\/div>\n\t\t<\/div>\n\t\t\t\t\t\t<\/div>\n\t\t\t\t<\/div>\n\t\t\t\t<div class=\"elementor-element elementor-element-4da17e9 elementor-widget elementor-widget-heading\" data-id=\"4da17e9\" data-element_type=\"widget\" data-e-type=\"widget\" data-widget_type=\"heading.default\">\n\t\t\t\t<div class=\"elementor-widget-container\">\n\t\t\t\t\t<h3 class=\"elementor-heading-title elementor-size-default\">QUE SOMOS<\/h3>\t\t\t\t<\/div>\n\t\t\t\t<\/div>\n\t\t\t\t<div class=\"elementor-element elementor-element-2c7926c9 elementor-widget elementor-widget-heading\" data-id=\"2c7926c9\" data-element_type=\"widget\" data-e-type=\"widget\" data-widget_type=\"heading.default\">\n\t\t\t\t<div class=\"elementor-widget-container\">\n\t\t\t\t\t<h2 class=\"elementor-heading-title elementor-size-default\">\nBem-vindo \u00e0 KING PACKS EMBALAGENS: Onde Inova\u00e7\u00e3o e Sustentabilidade se Encontram!<\/h2>\t\t\t\t<\/div>\n\t\t\t\t<\/div>\n\t\t\t\t<div class=\"elementor-element elementor-element-31c8a409 elementor-widget elementor-widget-spacer\" data-id=\"31c8a409\" data-element_type=\"widget\" data-e-type=\"widget\" data-widget_type=\"spacer.default\">\n\t\t\t\t<div class=\"elementor-widget-container\">\n\t\t\t\t\t\t\t<div class=\"elementor-spacer\">\n\t\t\t<div class=\"elementor-spacer-inner\"><\/div>\n\t\t<\/div>\n\t\t\t\t\t\t<\/div>\n\t\t\t\t<\/div>\n\t\t\t\t<div class=\"elementor-element elementor-element-44c85324 elementor-widget elementor-widget-text-editor\" data-id=\"44c85324\" data-element_type=\"widget\" data-e-type=\"widget\" data-widget_type=\"text-editor.default\">\n\t\t\t\t<div class=\"elementor-widget-container\">\n\t\t\t\t\t\t\t\t\t<p>Fundada em 5 de fevereiro de 2024 por <strong>Mey Yujuan<\/strong>, uma vision\u00e1ria empres\u00e1ria chinesa, a KING PACK \u00e9 o resultado de uma combina\u00e7\u00e3o \u00fanica de experi\u00eancia internacional e profundo conhecimento do mercado brasileiro. Mey, que vive no Brasil desde os 25 anos e \u00e9 propriet\u00e1ria de 10 filiais das Lojas King em S\u00e3o Paulo, trouxe sua paix\u00e3o por inova\u00e7\u00e3o para transformar o setor de embalagens.<\/p><p>Na KING PACK, nosso compromisso \u00e9 simples: <strong>entregar embalagens que unem qualidade, sustentabilidade e design funcional.<\/strong> Produzimos sacolas com <strong>Polietileno de Baixa Densidade (PEBD)<\/strong> e <strong>Polietileno de Alta Densidade (PEAD)<\/strong>, garantindo produtos <strong>recicl\u00e1veis<\/strong> que respeitam o meio ambiente.<\/p><p><strong>Nosso Cat\u00e1logo:<\/strong><\/p><ul><li><strong>Sacolas personalizadas:<\/strong> Brancas leitosas, brilhantes, coloridas (verde, amarelo, azul) e pretas, dispon\u00edveis nas vers\u00f5es simples e refor\u00e7adas, ideais para adegas.<\/li><li><strong>Sacos de lixo:<\/strong> Resistentes e vers\u00e1teis.<\/li><li><strong>Rolo filme stretch:<\/strong> Prote\u00e7\u00e3o eficiente para transporte e armazenagem.<\/li><li><strong>Saquinhos PP e PE:<\/strong> Pr\u00e1ticos e multiuso.<\/li><\/ul><p>Nosso prop\u00f3sito vai al\u00e9m de fornecer embalagens \u2013 queremos <strong>fortalecer seu neg\u00f3cio com solu\u00e7\u00f5es que contam hist\u00f3rias e protegem o futuro<\/strong>.<\/p><p>\u2728 <strong>\u201cEmbalagens recicladas, de alta resist\u00eancia, que suportam o peso do futuro.\u201d<\/strong><\/p><p>Fa\u00e7a parte da nossa jornada sustent\u00e1vel. Escolha KING PACKS EMBALAGENS e transforme a forma como voc\u00ea embala o seu mundo!<\/p>\t\t\t\t\t\t\t\t<\/div>\n\t\t\t\t<\/div>\n\t\t\t\t\t<\/div>\n\t\t<\/div>\n\t\t\t\t<div class=\"elementor-column elementor-col-33 elementor-top-column elementor-element elementor-element-78181831\" data-id=\"78181831\" data-element_type=\"column\" data-e-type=\"column\">\n\t\t\t<div class=\"elementor-widget-wrap\">\n\t\t\t\t\t\t\t<\/div>\n\t\t<\/div>\n\t\t\t\t\t<\/div>\n\t\t<\/section>\n\t\t\t\t<section class=\"elementor-section elementor-top-section elementor-element elementor-element-39e106af elementor-section-boxed elementor-section-height-default elementor-section-height-default\" data-id=\"39e106af\" data-element_type=\"section\" data-e-type=\"section\">\n\t\t\t\t\t\t<div class=\"elementor-container elementor-column-gap-default\">\n\t\t\t\t\t<div class=\"elementor-column elementor-col-100 elementor-top-column elementor-element elementor-element-5106bc6c\" data-id=\"5106bc6c\" data-element_type=\"column\" data-e-type=\"column\">\n\t\t\t<div class=\"elementor-widget-wrap elementor-element-populated\">\n\t\t\t\t\t\t<div class=\"elementor-element elementor-element-41f6defb elementor-widget-divider--view-line elementor-widget elementor-widget-divider\" data-id=\"41f6defb\" data-element_type=\"widget\" data-e-type=\"widget\" data-widget_type=\"divider.default\">\n\t\t\t\t<div class=\"elementor-widget-container\">\n\t\t\t\t\t\t\t<div class=\"elementor-divider\">\n\t\t\t<span class=\"elementor-divider-separator\">\n\t\t\t\t\t\t<\/span>\n\t\t<\/div>\n\t\t\t\t\t\t<\/div>\n\t\t\t\t<\/div>\n\t\t\t\t\t<\/div>\n\t\t<\/div>\n\t\t\t\t\t<\/div>\n\t\t<\/section>\n\t\t\t\t<section class=\"elementor-section elementor-top-section elementor-element elementor-element-2d5cf32 elementor-section-boxed elementor-section-height-default elementor-section-height-default\" data-id=\"2d5cf32\" data-element_type=\"section\" data-e-type=\"section\">\n\t\t\t\t\t\t<div class=\"elementor-container elementor-column-gap-extended\">\n\t\t\t\t\t<div class=\"elementor-column elementor-col-25 elementor-top-column elementor-element elementor-element-4dc3ded0\" data-id=\"4dc3ded0\" data-element_type=\"column\" data-e-type=\"column\">\n\t\t\t<div class=\"elementor-widget-wrap elementor-element-populated\">\n\t\t\t\t\t\t<div class=\"elementor-element elementor-element-7d5528d9 elementor-widget elementor-widget-martfury-counter\" data-id=\"7d5528d9\" data-element_type=\"widget\" data-e-type=\"widget\" data-widget_type=\"martfury-counter.default\">\n\t\t\t\t<div class=\"elementor-widget-container\">\n\t\t\t\t\t<div class=\"martfury-counter-els mf-icon--center\"><span class=\"mf-icon\"><i class=\"fa fa-cube\"><\/i><\/span><div class=\"counter-content\"><div class=\"counter\"><span class=\"counter-value\">45<\/span><span class=\"unit unit-after\">M<\/span><\/div><h4 class=\"title\">Produtos Vendidos<\/h4><\/div><\/div>\t\t\t\t<\/div>\n\t\t\t\t<\/div>\n\t\t\t\t<div class=\"elementor-element elementor-element-d31f380 elementor-widget elementor-widget-spacer\" data-id=\"d31f380\" data-element_type=\"widget\" data-e-type=\"widget\" data-widget_type=\"spacer.default\">\n\t\t\t\t<div class=\"elementor-widget-container\">\n\t\t\t\t\t\t\t<div class=\"elementor-spacer\">\n\t\t\t<div class=\"elementor-spacer-inner\"><\/div>\n\t\t<\/div>\n\t\t\t\t\t\t<\/div>\n\t\t\t\t<\/div>\n\t\t\t\t\t<\/div>\n\t\t<\/div>\n\t\t\t\t<div class=\"elementor-column elementor-col-25 elementor-top-column elementor-element elementor-element-4d24539e\" data-id=\"4d24539e\" data-element_type=\"column\" data-e-type=\"column\">\n\t\t\t<div class=\"elementor-widget-wrap elementor-element-populated\">\n\t\t\t\t\t\t<div class=\"elementor-element elementor-element-37380c6a elementor-widget elementor-widget-martfury-counter\" data-id=\"37380c6a\" data-element_type=\"widget\" data-e-type=\"widget\" data-widget_type=\"martfury-counter.default\">\n\t\t\t\t<div class=\"elementor-widget-container\">\n\t\t\t\t\t<div class=\"martfury-counter-els mf-icon--center\"><span class=\"mf-icon\"><i class=\"icon-store\"><\/i><\/span><div class=\"counter-content\"><div class=\"counter\"><span class=\"counter-value\">1.8<\/span><span class=\"unit unit-after\">M<\/span><\/div><h4 class=\"title\">Vendedores Ativos<\/h4><\/div><\/div>\t\t\t\t<\/div>\n\t\t\t\t<\/div>\n\t\t\t\t<div class=\"elementor-element elementor-element-761febe elementor-widget elementor-widget-spacer\" data-id=\"761febe\" data-element_type=\"widget\" data-e-type=\"widget\" data-widget_type=\"spacer.default\">\n\t\t\t\t<div class=\"elementor-widget-container\">\n\t\t\t\t\t\t\t<div class=\"elementor-spacer\">\n\t\t\t<div class=\"elementor-spacer-inner\"><\/div>\n\t\t<\/div>\n\t\t\t\t\t\t<\/div>\n\t\t\t\t<\/div>\n\t\t\t\t\t<\/div>\n\t\t<\/div>\n\t\t\t\t<div class=\"elementor-column elementor-col-25 elementor-top-column elementor-element elementor-element-219099c9\" data-id=\"219099c9\" data-element_type=\"column\" data-e-type=\"column\">\n\t\t\t<div class=\"elementor-widget-wrap elementor-element-populated\">\n\t\t\t\t\t\t<div class=\"elementor-element elementor-element-d5b85a1 elementor-widget elementor-widget-martfury-counter\" data-id=\"d5b85a1\" data-element_type=\"widget\" data-e-type=\"widget\" data-widget_type=\"martfury-counter.default\">\n\t\t\t\t<div class=\"elementor-widget-container\">\n\t\t\t\t\t<div class=\"martfury-counter-els mf-icon--center\"><span class=\"mf-icon\"><i class=\"icon-bag2\"><\/i><\/span><div class=\"counter-content\"><div class=\"counter\"><span class=\"counter-value\">30.6<\/span><span class=\"unit unit-after\">M<\/span><\/div><h4 class=\"title\">Clientes Fi\u00e9is<\/h4><\/div><\/div>\t\t\t\t<\/div>\n\t\t\t\t<\/div>\n\t\t\t\t<div class=\"elementor-element elementor-element-2c4a2cf elementor-widget elementor-widget-spacer\" data-id=\"2c4a2cf\" data-element_type=\"widget\" data-e-type=\"widget\" data-widget_type=\"spacer.default\">\n\t\t\t\t<div class=\"elementor-widget-container\">\n\t\t\t\t\t\t\t<div class=\"elementor-spacer\">\n\t\t\t<div class=\"elementor-spacer-inner\"><\/div>\n\t\t<\/div>\n\t\t\t\t\t\t<\/div>\n\t\t\t\t<\/div>\n\t\t\t\t\t<\/div>\n\t\t<\/div>\n\t\t\t\t<div class=\"elementor-column elementor-col-25 elementor-top-column elementor-element elementor-element-6e2400fa\" data-id=\"6e2400fa\" data-element_type=\"column\" data-e-type=\"column\">\n\t\t\t<div class=\"elementor-widget-wrap elementor-element-populated\">\n\t\t\t\t\t\t<div class=\"elementor-element elementor-element-1eeb216f elementor-widget elementor-widget-martfury-counter\" data-id=\"1eeb216f\" data-element_type=\"widget\" data-e-type=\"widget\" data-widget_type=\"martfury-counter.default\">\n\t\t\t\t<div class=\"elementor-widget-container\">\n\t\t\t\t\t<div class=\"martfury-counter-els mf-icon--center\"><span class=\"mf-icon\"><i class=\"icon-cash-dollar\"><\/i><\/span><div class=\"counter-content\"><div class=\"counter\"><span class=\"unit unit-before\">R$<\/span><span class=\"counter-value\">2.64<\/span><span class=\"unit unit-after\">M<\/span><\/div><h4 class=\"title\">Faturamento Anual<\/h4><\/div><\/div>\t\t\t\t<\/div>\n\t\t\t\t<\/div>\n\t\t\t\t<div class=\"elementor-element elementor-element-e0da402 elementor-widget elementor-widget-spacer\" data-id=\"e0da402\" data-element_type=\"widget\" data-e-type=\"widget\" data-widget_type=\"spacer.default\">\n\t\t\t\t<div class=\"elementor-widget-container\">\n\t\t\t\t\t\t\t<div class=\"elementor-spacer\">\n\t\t\t<div class=\"elementor-spacer-inner\"><\/div>\n\t\t<\/div>\n\t\t\t\t\t\t<\/div>\n\t\t\t\t<\/div>\n\t\t\t\t\t<\/div>\n\t\t<\/div>\n\t\t\t\t\t<\/div>\n\t\t<\/section>\n\t\t\t\t<\/div>\n\t\t","protected":false},"excerpt":{"rendered":"<p>QUE SOMOS Bem-vindo \u00e0 KING PACKS EMBALAGENS: Onde Inova\u00e7\u00e3o e Sustentabilidade se Encontram! Fundada em 5 de fevereiro de 2024 por Mey Yujuan, uma vision\u00e1ria empres\u00e1ria chinesa, a KING PACK \u00e9 o resultado de uma combina\u00e7\u00e3o \u00fanica de experi\u00eancia internacional e profundo conhecimento do mercado brasileiro. Mey, que vive no Brasil desde os 25 anos&hellip;<\/p>\n","protected":false},"author":1,"featured_media":0,"parent":0,"menu_order":0,"comment_status":"closed","ping_status":"closed","template":"template-full-width.php","meta":{"_joinchat":[],"footnotes":""},"class_list":["post-129","page","type-page","status-publish","hentry"],"_links":{"self":[{"href":"https:\/\/bevoltec.com\/kingpacks\/wp-json\/wp\/v2\/pages\/129","targetHints":{"allow":["GET"]}}],"collection":[{"href":"https:\/\/bevoltec.com\/kingpacks\/wp-json\/wp\/v2\/pages"}],"about":[{"href":"https:\/\/bevoltec.com\/kingpacks\/wp-json\/wp\/v2\/types\/page"}],"author":[{"embeddable":true,"href":"https:\/\/bevoltec.com\/kingpacks\/wp-json\/wp\/v2\/users\/1"}],"replies":[{"embeddable":true,"href":"https:\/\/bevoltec.com\/kingpacks\/wp-json\/wp\/v2\/comments?post=129"}],"version-history":[{"count":18,"href":"https:\/\/bevoltec.com\/kingpacks\/wp-json\/wp\/v2\/pages\/129\/revisions"}],"predecessor-version":[{"id":4961,"href":"https:\/\/bevoltec.com\/kingpacks\/wp-json\/wp\/v2\/pages\/129\/revisions\/4961"}],"wp:attachment":[{"href":"https:\/\/bevoltec.com\/kingpacks\/wp-json\/wp\/v2\/media?parent=129"}],"curies":[{"name":"wp","href":"https:\/\/api.w.org\/{rel}","templated":true}]}}