{"id":406,"date":"2024-06-10T16:13:16","date_gmt":"2024-06-10T16:13:16","guid":{"rendered":"https:\/\/bevoltec.com\/escolarmoveis\/?post_type=product&#038;p=406"},"modified":"2024-06-10T16:13:16","modified_gmt":"2024-06-10T16:13:16","slug":"banqueta-alta-com-encosto","status":"publish","type":"product","link":"https:\/\/bevoltec.com\/escolarmoveis\/produto\/banqueta-alta-com-encosto\/","title":{"rendered":"Banqueta alta com encosto"},"content":{"rendered":"<p>Banqueta Alta Cairo Preta Assento Preto<\/p>\n<p>A Banqueta Bistr\u00f4 \u00e9 a inova\u00e7\u00e3o para sua casa, ela \u00e9 perfeita para salas de jantar, cozinhas, bares, restaurantes e hot\u00e9is. Sua estrutura \u00e9 em a\u00e7o com pintura ep\u00f3xi , pintura que torna a estrutura da banqueta protegida de raios solares e chuva, al\u00e9m de ser mais dif\u00edcil de riscar ou enferrujar.<\/p>\n<p>O A\u00e7o \u00e9 um material resistente e dur\u00e1vel, de f\u00e1cil limpeza e armazenamento, a banqueta bristr\u00f4 \u00e9 compacta e de grande utilidade, pode ser mantida em locais abertos tanto quanto fechados, com seu assento revestido em tecido sint\u00e9tico, tecido que possui uma malha tipo l\u00e3 na sua parte inferior, o que lhe proporciona mais conforto ao sentar-se.<\/p>\n<p>Suas dimens\u00f5es s\u00e3o:<\/p>\n<p>Altura at\u00e9 assento: 72 cm<\/p>\n<p>Altura at\u00e9 encosto: 95 cm<\/p>\n<p>Largura: 33 cm<\/p>\n<p>Di\u00e2metro do Assento: 33 cm<\/p>\n<p>Encosto: 23 x 34 cm<\/p>\n","protected":false},"excerpt":{"rendered":"<p>Altura at\u00e9 assento: 72 cm<\/p>\n<p>Altura at\u00e9 encosto: 95 cm<\/p>\n","protected":false},"featured_media":407,"comment_status":"open","ping_status":"closed","template":"","meta":{"_joinchat":[]},"product_brand":[],"product_cat":[28],"product_tag":[],"class_list":{"0":"post-406","1":"product","2":"type-product","3":"status-publish","4":"has-post-thumbnail","6":"product_cat-banquetas","8":"first","9":"instock","10":"sold-individually","11":"shipping-taxable","12":"product-type-simple"},"_links":{"self":[{"href":"https:\/\/bevoltec.com\/escolarmoveis\/wp-json\/wp\/v2\/product\/406","targetHints":{"allow":["GET"]}}],"collection":[{"href":"https:\/\/bevoltec.com\/escolarmoveis\/wp-json\/wp\/v2\/product"}],"about":[{"href":"https:\/\/bevoltec.com\/escolarmoveis\/wp-json\/wp\/v2\/types\/product"}],"replies":[{"embeddable":true,"href":"https:\/\/bevoltec.com\/escolarmoveis\/wp-json\/wp\/v2\/comments?post=406"}],"wp:featuredmedia":[{"embeddable":true,"href":"https:\/\/bevoltec.com\/escolarmoveis\/wp-json\/wp\/v2\/media\/407"}],"wp:attachment":[{"href":"https:\/\/bevoltec.com\/escolarmoveis\/wp-json\/wp\/v2\/media?parent=406"}],"wp:term":[{"taxonomy":"product_brand","embeddable":true,"href":"https:\/\/bevoltec.com\/escolarmoveis\/wp-json\/wp\/v2\/product_brand?post=406"},{"taxonomy":"product_cat","embeddable":true,"href":"https:\/\/bevoltec.com\/escolarmoveis\/wp-json\/wp\/v2\/product_cat?post=406"},{"taxonomy":"product_tag","embeddable":true,"href":"https:\/\/bevoltec.com\/escolarmoveis\/wp-json\/wp\/v2\/product_tag?post=406"}],"curies":[{"name":"wp","href":"https:\/\/api.w.org\/{rel}","templated":true}]}}