{"id":404,"date":"2024-06-10T16:09:56","date_gmt":"2024-06-10T16:09:56","guid":{"rendered":"https:\/\/bevoltec.com\/escolarmoveis\/?post_type=product&#038;p=404"},"modified":"2024-06-10T16:10:38","modified_gmt":"2024-06-10T16:10:38","slug":"banqueta-assento-em-pp","status":"publish","type":"product","link":"https:\/\/bevoltec.com\/escolarmoveis\/produto\/banqueta-assento-em-pp\/","title":{"rendered":"Banqueta assento em PP"},"content":{"rendered":"<p>Material \/ Composi\u00e7\u00e3o: Estrutura em A\u00e7o Carbono e Assento Pl\u00e1stico em PU<br \/>\nEmpilhavel: Sim<br \/>\nAltura do Assento ao ch\u00e3o: 75 cm<br \/>\nDi\u00e2metro do Assento: 29 cm<br \/>\nDistancia entre os P\u00e9s: 36&#215;36 cm<br \/>\nPeso Suportado: 110 kg<br \/>\nGarantia: 3 Meses, Contra defeito de Fabrica\u00e7\u00e3o<\/p>\n","protected":false},"excerpt":{"rendered":"<p>Peso Suportado: 110 kg<\/p>\n","protected":false},"featured_media":405,"comment_status":"open","ping_status":"closed","template":"","meta":{"_joinchat":[]},"product_brand":[],"product_cat":[28],"product_tag":[],"class_list":{"0":"post-404","1":"product","2":"type-product","3":"status-publish","4":"has-post-thumbnail","6":"product_cat-banquetas","8":"first","9":"instock","10":"sold-individually","11":"shipping-taxable","12":"product-type-simple"},"_links":{"self":[{"href":"https:\/\/bevoltec.com\/escolarmoveis\/wp-json\/wp\/v2\/product\/404","targetHints":{"allow":["GET"]}}],"collection":[{"href":"https:\/\/bevoltec.com\/escolarmoveis\/wp-json\/wp\/v2\/product"}],"about":[{"href":"https:\/\/bevoltec.com\/escolarmoveis\/wp-json\/wp\/v2\/types\/product"}],"replies":[{"embeddable":true,"href":"https:\/\/bevoltec.com\/escolarmoveis\/wp-json\/wp\/v2\/comments?post=404"}],"wp:featuredmedia":[{"embeddable":true,"href":"https:\/\/bevoltec.com\/escolarmoveis\/wp-json\/wp\/v2\/media\/405"}],"wp:attachment":[{"href":"https:\/\/bevoltec.com\/escolarmoveis\/wp-json\/wp\/v2\/media?parent=404"}],"wp:term":[{"taxonomy":"product_brand","embeddable":true,"href":"https:\/\/bevoltec.com\/escolarmoveis\/wp-json\/wp\/v2\/product_brand?post=404"},{"taxonomy":"product_cat","embeddable":true,"href":"https:\/\/bevoltec.com\/escolarmoveis\/wp-json\/wp\/v2\/product_cat?post=404"},{"taxonomy":"product_tag","embeddable":true,"href":"https:\/\/bevoltec.com\/escolarmoveis\/wp-json\/wp\/v2\/product_tag?post=404"}],"curies":[{"name":"wp","href":"https:\/\/api.w.org\/{rel}","templated":true}]}}