{"id":402,"date":"2024-06-10T16:05:57","date_gmt":"2024-06-10T16:05:57","guid":{"rendered":"https:\/\/bevoltec.com\/escolarmoveis\/?post_type=product&#038;p=402"},"modified":"2024-06-10T16:05:57","modified_gmt":"2024-06-10T16:05:57","slug":"banqueta-para-laboratorios","status":"publish","type":"product","link":"https:\/\/bevoltec.com\/escolarmoveis\/produto\/banqueta-para-laboratorios\/","title":{"rendered":"Banqueta para Laborat\u00f3rios"},"content":{"rendered":"<p>Capacidade: 1 usu\u00e1rio.<\/p>\n<p>Comprimento Total: 0,38M (no ch\u00e3o).<\/p>\n<p>Profundidade Total: 0,38M (no ch\u00e3o).<\/p>\n<p>Altura: 0,75M.<\/p>\n<p>Medida do Tampo Superior: (30cm de di\u00e2metro).<\/p>\n<p>Confec\u00e7\u00e3o do Assento: Em MDF 18mm revestido em laminado melaminico.<\/p>\n<p>Bordas do Assento: Em PVC tipo \u201cT\u201d colorido.<\/p>\n<p>Confec\u00e7\u00e3o da Estrutura: P\u00e9s em tubo redondo de 7\/8&#8243;x1,06mm de a\u00e7o carbono.<\/p>\n<p>Pintura da Estrutura: Pintura eletrost\u00e1tica a p\u00f3<\/p>\n","protected":false},"excerpt":{"rendered":"<p>Comprimento Total: 0,38M (no ch\u00e3o).<\/p>\n<p>Profundidade Total: 0,38M (no ch\u00e3o).<\/p>\n<p>Altura: 0,75M.<\/p>\n","protected":false},"featured_media":403,"comment_status":"open","ping_status":"closed","template":"","meta":{"_joinchat":[]},"product_brand":[],"product_cat":[28],"product_tag":[],"class_list":{"0":"post-402","1":"product","2":"type-product","3":"status-publish","4":"has-post-thumbnail","6":"product_cat-banquetas","8":"first","9":"instock","10":"sold-individually","11":"shipping-taxable","12":"product-type-simple"},"_links":{"self":[{"href":"https:\/\/bevoltec.com\/escolarmoveis\/wp-json\/wp\/v2\/product\/402","targetHints":{"allow":["GET"]}}],"collection":[{"href":"https:\/\/bevoltec.com\/escolarmoveis\/wp-json\/wp\/v2\/product"}],"about":[{"href":"https:\/\/bevoltec.com\/escolarmoveis\/wp-json\/wp\/v2\/types\/product"}],"replies":[{"embeddable":true,"href":"https:\/\/bevoltec.com\/escolarmoveis\/wp-json\/wp\/v2\/comments?post=402"}],"wp:featuredmedia":[{"embeddable":true,"href":"https:\/\/bevoltec.com\/escolarmoveis\/wp-json\/wp\/v2\/media\/403"}],"wp:attachment":[{"href":"https:\/\/bevoltec.com\/escolarmoveis\/wp-json\/wp\/v2\/media?parent=402"}],"wp:term":[{"taxonomy":"product_brand","embeddable":true,"href":"https:\/\/bevoltec.com\/escolarmoveis\/wp-json\/wp\/v2\/product_brand?post=402"},{"taxonomy":"product_cat","embeddable":true,"href":"https:\/\/bevoltec.com\/escolarmoveis\/wp-json\/wp\/v2\/product_cat?post=402"},{"taxonomy":"product_tag","embeddable":true,"href":"https:\/\/bevoltec.com\/escolarmoveis\/wp-json\/wp\/v2\/product_tag?post=402"}],"curies":[{"name":"wp","href":"https:\/\/api.w.org\/{rel}","templated":true}]}}