{"id":376,"date":"2024-06-04T17:52:12","date_gmt":"2024-06-04T17:52:12","guid":{"rendered":"https:\/\/bevoltec.com\/escolarmoveis\/?post_type=product&#038;p=376"},"modified":"2024-06-04T19:02:01","modified_gmt":"2024-06-04T19:02:01","slug":"smart-lockers","status":"publish","type":"product","link":"https:\/\/bevoltec.com\/escolarmoveis\/produto\/smart-lockers\/","title":{"rendered":"Smart Lockers"},"content":{"rendered":"<p>seguran\u00e7a ao armazenar pertences pessoais. Com tecnologia avan\u00e7ada, esses arm\u00e1rios inteligentes oferecem f\u00e1cil acesso atrav\u00e9s de c\u00f3digo ou aplicativo, permitindo que voc\u00ea possa guardar e retirar seus itens de forma r\u00e1pida e sem complica\u00e7\u00f5es.<\/p>\n<p>Al\u00e9m disso, os Smart Lockers s\u00e3o ideais para uso em ambientes como academias, universidades, empresas e at\u00e9 mesmo em resid\u00eancias, garantindo a organiza\u00e7\u00e3o e prote\u00e7\u00e3o de seus pertences de forma eficiente. Com design moderno e durabilidade, esses arm\u00e1rios s\u00e3o uma excelente op\u00e7\u00e3o para quem valoriza praticidade e seguran\u00e7a no dia a dia.<\/p>\n","protected":false},"excerpt":{"rendered":"<p>seguran\u00e7a ao armazenar pertences pessoais. Com tecnologia avan\u00e7ada, esses arm\u00e1rios inteligentes oferecem f\u00e1cil acesso atrav\u00e9s de c\u00f3digo ou aplicativo, permitindo que voc\u00ea possa guardar e retirar seus itens de forma r\u00e1pida e sem complica\u00e7\u00f5es. Al\u00e9m disso, os Smart Lockers s\u00e3o ideais para uso em ambientes como academias, universidades, empresas e at\u00e9 mesmo em resid\u00eancias, garantindo [&hellip;]<\/p>\n","protected":false},"featured_media":377,"comment_status":"open","ping_status":"closed","template":"","meta":{"_joinchat":[]},"product_brand":[],"product_cat":[27],"product_tag":[],"class_list":{"0":"post-376","1":"product","2":"type-product","3":"status-publish","4":"has-post-thumbnail","6":"product_cat-armarios","8":"first","9":"instock","10":"sale","11":"sold-individually","12":"shipping-taxable","13":"purchasable","14":"product-type-simple"},"_links":{"self":[{"href":"https:\/\/bevoltec.com\/escolarmoveis\/wp-json\/wp\/v2\/product\/376","targetHints":{"allow":["GET"]}}],"collection":[{"href":"https:\/\/bevoltec.com\/escolarmoveis\/wp-json\/wp\/v2\/product"}],"about":[{"href":"https:\/\/bevoltec.com\/escolarmoveis\/wp-json\/wp\/v2\/types\/product"}],"replies":[{"embeddable":true,"href":"https:\/\/bevoltec.com\/escolarmoveis\/wp-json\/wp\/v2\/comments?post=376"}],"wp:featuredmedia":[{"embeddable":true,"href":"https:\/\/bevoltec.com\/escolarmoveis\/wp-json\/wp\/v2\/media\/377"}],"wp:attachment":[{"href":"https:\/\/bevoltec.com\/escolarmoveis\/wp-json\/wp\/v2\/media?parent=376"}],"wp:term":[{"taxonomy":"product_brand","embeddable":true,"href":"https:\/\/bevoltec.com\/escolarmoveis\/wp-json\/wp\/v2\/product_brand?post=376"},{"taxonomy":"product_cat","embeddable":true,"href":"https:\/\/bevoltec.com\/escolarmoveis\/wp-json\/wp\/v2\/product_cat?post=376"},{"taxonomy":"product_tag","embeddable":true,"href":"https:\/\/bevoltec.com\/escolarmoveis\/wp-json\/wp\/v2\/product_tag?post=376"}],"curies":[{"name":"wp","href":"https:\/\/api.w.org\/{rel}","templated":true}]}}