{"id":372,"date":"2024-06-04T17:47:38","date_gmt":"2024-06-04T17:47:38","guid":{"rendered":"https:\/\/bevoltec.com\/escolarmoveis\/?post_type=product&#038;p=372"},"modified":"2024-06-04T17:47:38","modified_gmt":"2024-06-04T17:47:38","slug":"roupeiro-grp-9","status":"publish","type":"product","link":"https:\/\/bevoltec.com\/escolarmoveis\/produto\/roupeiro-grp-9\/","title":{"rendered":"Roupeiro- GRP-9"},"content":{"rendered":"<p>Possui um design moderno e sofisticado, com portas deslizantes que facilitam o acesso ao interior do roupeiro. Conta com prateleiras, gavetas e cabideiros, proporcionando um excelente espa\u00e7o de armazenamento. Al\u00e9m disso, o Roupeiro-GRP-9 \u00e9 fabricado com materiais dur\u00e1veis e resistentes, garantindo sua durabilidade e funcionalidade por muitos anos. Se voc\u00ea procura por um m\u00f3vel bonito, funcional e de qualidade, o Roupeiro-GRP-9 \u00e9 uma excelente escolha.<\/p>\n","protected":false},"excerpt":{"rendered":"<p>excelente espa\u00e7o de armazenamento<\/p>\n","protected":false},"featured_media":373,"comment_status":"open","ping_status":"closed","template":"","meta":{"_joinchat":[]},"product_brand":[],"product_cat":[27],"product_tag":[],"class_list":{"0":"post-372","1":"product","2":"type-product","3":"status-publish","4":"has-post-thumbnail","6":"product_cat-armarios","8":"first","9":"instock","10":"sold-individually","11":"shipping-taxable","12":"product-type-simple"},"_links":{"self":[{"href":"https:\/\/bevoltec.com\/escolarmoveis\/wp-json\/wp\/v2\/product\/372","targetHints":{"allow":["GET"]}}],"collection":[{"href":"https:\/\/bevoltec.com\/escolarmoveis\/wp-json\/wp\/v2\/product"}],"about":[{"href":"https:\/\/bevoltec.com\/escolarmoveis\/wp-json\/wp\/v2\/types\/product"}],"replies":[{"embeddable":true,"href":"https:\/\/bevoltec.com\/escolarmoveis\/wp-json\/wp\/v2\/comments?post=372"}],"wp:featuredmedia":[{"embeddable":true,"href":"https:\/\/bevoltec.com\/escolarmoveis\/wp-json\/wp\/v2\/media\/373"}],"wp:attachment":[{"href":"https:\/\/bevoltec.com\/escolarmoveis\/wp-json\/wp\/v2\/media?parent=372"}],"wp:term":[{"taxonomy":"product_brand","embeddable":true,"href":"https:\/\/bevoltec.com\/escolarmoveis\/wp-json\/wp\/v2\/product_brand?post=372"},{"taxonomy":"product_cat","embeddable":true,"href":"https:\/\/bevoltec.com\/escolarmoveis\/wp-json\/wp\/v2\/product_cat?post=372"},{"taxonomy":"product_tag","embeddable":true,"href":"https:\/\/bevoltec.com\/escolarmoveis\/wp-json\/wp\/v2\/product_tag?post=372"}],"curies":[{"name":"wp","href":"https:\/\/api.w.org\/{rel}","templated":true}]}}