{"id":365,"date":"2024-06-04T17:27:20","date_gmt":"2024-06-04T17:27:20","guid":{"rendered":"https:\/\/bevoltec.com\/escolarmoveis\/?post_type=product&#038;p=365"},"modified":"2024-06-04T17:41:09","modified_gmt":"2024-06-04T17:41:09","slug":"roupeiro-grp-6","status":"publish","type":"product","link":"https:\/\/bevoltec.com\/escolarmoveis\/produto\/roupeiro-grp-6\/","title":{"rendered":"Roupeiro- GRP-6"},"content":{"rendered":"<p>Suas quatro portas proporcionam amplo acesso ao interior do roupeiro, onde h\u00e1 prateleiras, cabideiros e gavetas para facilitar a organiza\u00e7\u00e3o. Resistente e dur\u00e1vel, o Roupeiro GRP-6 com 4 portas \u00e9 uma excelente escolha para quem busca praticidade e estilo na hora de armazenar seus pertences<\/p>\n","protected":false},"excerpt":{"rendered":"<p>Suas quatro portas proporcionam amplo acesso ao interior do roupeiro, onde h\u00e1 prateleiras, cabideiros e gavetas para facilitar a organiza\u00e7\u00e3o. Resistente e dur\u00e1vel, o Roupeiro GRP-6 com 4 portas \u00e9 uma excelente escolha para quem busca praticidade e estilo na hora de armazenar seus pertences<\/p>\n","protected":false},"featured_media":370,"comment_status":"open","ping_status":"closed","template":"","meta":{"_joinchat":[]},"product_brand":[],"product_cat":[27],"product_tag":[],"class_list":{"0":"post-365","1":"product","2":"type-product","3":"status-publish","4":"has-post-thumbnail","6":"product_cat-armarios","8":"first","9":"instock","10":"sold-individually","11":"shipping-taxable","12":"product-type-simple"},"_links":{"self":[{"href":"https:\/\/bevoltec.com\/escolarmoveis\/wp-json\/wp\/v2\/product\/365","targetHints":{"allow":["GET"]}}],"collection":[{"href":"https:\/\/bevoltec.com\/escolarmoveis\/wp-json\/wp\/v2\/product"}],"about":[{"href":"https:\/\/bevoltec.com\/escolarmoveis\/wp-json\/wp\/v2\/types\/product"}],"replies":[{"embeddable":true,"href":"https:\/\/bevoltec.com\/escolarmoveis\/wp-json\/wp\/v2\/comments?post=365"}],"wp:featuredmedia":[{"embeddable":true,"href":"https:\/\/bevoltec.com\/escolarmoveis\/wp-json\/wp\/v2\/media\/370"}],"wp:attachment":[{"href":"https:\/\/bevoltec.com\/escolarmoveis\/wp-json\/wp\/v2\/media?parent=365"}],"wp:term":[{"taxonomy":"product_brand","embeddable":true,"href":"https:\/\/bevoltec.com\/escolarmoveis\/wp-json\/wp\/v2\/product_brand?post=365"},{"taxonomy":"product_cat","embeddable":true,"href":"https:\/\/bevoltec.com\/escolarmoveis\/wp-json\/wp\/v2\/product_cat?post=365"},{"taxonomy":"product_tag","embeddable":true,"href":"https:\/\/bevoltec.com\/escolarmoveis\/wp-json\/wp\/v2\/product_tag?post=365"}],"curies":[{"name":"wp","href":"https:\/\/api.w.org\/{rel}","templated":true}]}}