{"id":359,"date":"2024-06-04T17:18:32","date_gmt":"2024-06-04T17:18:32","guid":{"rendered":"https:\/\/bevoltec.com\/escolarmoveis\/?post_type=product&#038;p=359"},"modified":"2024-06-04T17:18:32","modified_gmt":"2024-06-04T17:18:32","slug":"roupeiro-grp-4","status":"publish","type":"product","link":"https:\/\/bevoltec.com\/escolarmoveis\/produto\/roupeiro-grp-4\/","title":{"rendered":"Roupeiro GRP-4"},"content":{"rendered":"<p>O ROUPEIRO GRP-4 \u00e9 uma pe\u00e7a essencial para organizar suas roupas e acess\u00f3rios de forma pr\u00e1tica e funcional. Este roupeiro foi projetado com alta qualidade e durabilidade, garantindo que voc\u00ea tenha um m\u00f3vel robusto e resistente por muitos anos.<\/p>\n","protected":false},"excerpt":{"rendered":"<p>Com o ROUPEIRO GRP-4, voc\u00ea n\u00e3o s\u00f3 ter\u00e1 um lugar para organizar suas roupas, mas tamb\u00e9m ir\u00e1 transformar o visual do seu ambiente, deixando-o mais elegante e sofisticado.<\/p>\n","protected":false},"featured_media":360,"comment_status":"open","ping_status":"closed","template":"","meta":{"_joinchat":[]},"product_brand":[],"product_cat":[27],"product_tag":[],"class_list":{"0":"post-359","1":"product","2":"type-product","3":"status-publish","4":"has-post-thumbnail","6":"product_cat-armarios","8":"first","9":"instock","10":"sold-individually","11":"shipping-taxable","12":"product-type-simple"},"_links":{"self":[{"href":"https:\/\/bevoltec.com\/escolarmoveis\/wp-json\/wp\/v2\/product\/359","targetHints":{"allow":["GET"]}}],"collection":[{"href":"https:\/\/bevoltec.com\/escolarmoveis\/wp-json\/wp\/v2\/product"}],"about":[{"href":"https:\/\/bevoltec.com\/escolarmoveis\/wp-json\/wp\/v2\/types\/product"}],"replies":[{"embeddable":true,"href":"https:\/\/bevoltec.com\/escolarmoveis\/wp-json\/wp\/v2\/comments?post=359"}],"wp:featuredmedia":[{"embeddable":true,"href":"https:\/\/bevoltec.com\/escolarmoveis\/wp-json\/wp\/v2\/media\/360"}],"wp:attachment":[{"href":"https:\/\/bevoltec.com\/escolarmoveis\/wp-json\/wp\/v2\/media?parent=359"}],"wp:term":[{"taxonomy":"product_brand","embeddable":true,"href":"https:\/\/bevoltec.com\/escolarmoveis\/wp-json\/wp\/v2\/product_brand?post=359"},{"taxonomy":"product_cat","embeddable":true,"href":"https:\/\/bevoltec.com\/escolarmoveis\/wp-json\/wp\/v2\/product_cat?post=359"},{"taxonomy":"product_tag","embeddable":true,"href":"https:\/\/bevoltec.com\/escolarmoveis\/wp-json\/wp\/v2\/product_tag?post=359"}],"curies":[{"name":"wp","href":"https:\/\/api.w.org\/{rel}","templated":true}]}}