{"id":349,"date":"2024-06-04T16:58:13","date_gmt":"2024-06-04T16:58:13","guid":{"rendered":"https:\/\/bevoltec.com\/escolarmoveis\/?post_type=product&#038;p=349"},"modified":"2024-06-04T16:58:13","modified_gmt":"2024-06-04T16:58:13","slug":"roupeiro-grp-16","status":"publish","type":"product","link":"https:\/\/bevoltec.com\/escolarmoveis\/produto\/roupeiro-grp-16\/","title":{"rendered":"Roupeiro-  GRP-16"},"content":{"rendered":"<p>Arm\u00e1rio Roupeiro para vesti\u00e1rio, produzido em a\u00e7o chapa 26\u00a00,45mm, possui 2 portas com venezianas para ventila\u00e7\u00e3o, compartimento de tamanho m\u00e9dio independentes sem divis\u00f3rias internas, fechamento das portas atrav\u00e9s de pit\u00e3o para cadeado.<\/p>\n<p>&nbsp;<\/p>\n","protected":false},"excerpt":{"rendered":"<p>Especifica\u00e7\u00e3o de chapa e acabamento: Roupeiro produzido em chapa de a\u00e7o tratada com antiferruginoso por fosfatiza\u00e7\u00e3o e pintura ep\u00f3xi-p\u00f3 por processo eletrost\u00e1tico.<\/p>\n","protected":false},"featured_media":350,"comment_status":"open","ping_status":"closed","template":"","meta":{"_joinchat":[]},"product_brand":[],"product_cat":[27],"product_tag":[],"class_list":{"0":"post-349","1":"product","2":"type-product","3":"status-publish","4":"has-post-thumbnail","6":"product_cat-armarios","8":"first","9":"instock","10":"sold-individually","11":"shipping-taxable","12":"product-type-simple"},"_links":{"self":[{"href":"https:\/\/bevoltec.com\/escolarmoveis\/wp-json\/wp\/v2\/product\/349","targetHints":{"allow":["GET"]}}],"collection":[{"href":"https:\/\/bevoltec.com\/escolarmoveis\/wp-json\/wp\/v2\/product"}],"about":[{"href":"https:\/\/bevoltec.com\/escolarmoveis\/wp-json\/wp\/v2\/types\/product"}],"replies":[{"embeddable":true,"href":"https:\/\/bevoltec.com\/escolarmoveis\/wp-json\/wp\/v2\/comments?post=349"}],"wp:featuredmedia":[{"embeddable":true,"href":"https:\/\/bevoltec.com\/escolarmoveis\/wp-json\/wp\/v2\/media\/350"}],"wp:attachment":[{"href":"https:\/\/bevoltec.com\/escolarmoveis\/wp-json\/wp\/v2\/media?parent=349"}],"wp:term":[{"taxonomy":"product_brand","embeddable":true,"href":"https:\/\/bevoltec.com\/escolarmoveis\/wp-json\/wp\/v2\/product_brand?post=349"},{"taxonomy":"product_cat","embeddable":true,"href":"https:\/\/bevoltec.com\/escolarmoveis\/wp-json\/wp\/v2\/product_cat?post=349"},{"taxonomy":"product_tag","embeddable":true,"href":"https:\/\/bevoltec.com\/escolarmoveis\/wp-json\/wp\/v2\/product_tag?post=349"}],"curies":[{"name":"wp","href":"https:\/\/api.w.org\/{rel}","templated":true}]}}