{"id":345,"date":"2024-06-04T16:52:51","date_gmt":"2024-06-04T16:52:51","guid":{"rendered":"https:\/\/bevoltec.com\/escolarmoveis\/?post_type=product&#038;p=345"},"modified":"2024-06-04T16:52:51","modified_gmt":"2024-06-04T16:52:51","slug":"roupeiro-grp-2","status":"publish","type":"product","link":"https:\/\/bevoltec.com\/escolarmoveis\/produto\/roupeiro-grp-2\/","title":{"rendered":"Roupeiro &#8211;  GRP-2"},"content":{"rendered":"<p>Fabricado com materiais de alta qualidade, o roupeiro GRP-2 possui um design moderno e elegante que se adapta a diferentes estilos de decora\u00e7\u00e3o. Al\u00e9m disso, suas portas deslizantes facilitam o acesso ao interior do m\u00f3vel, tornando o processo de organiza\u00e7\u00e3o mais simples e pr\u00e1tico.<\/p>\n","protected":false},"excerpt":{"rendered":"<p>Fabricado com materiais de alta qualidade, o roupeiro GRP-2 possui um design moderno e elegante que se adapta a diferentes estilos de decora\u00e7\u00e3o. Al\u00e9m disso, suas portas deslizantes facilitam o acesso ao interior do m\u00f3vel, tornando o processo de organiza\u00e7\u00e3o mais simples e pr\u00e1tico.<\/p>\n","protected":false},"featured_media":346,"comment_status":"open","ping_status":"closed","template":"","meta":{"_joinchat":[]},"product_brand":[],"product_cat":[27],"product_tag":[],"class_list":{"0":"post-345","1":"product","2":"type-product","3":"status-publish","4":"has-post-thumbnail","6":"product_cat-armarios","8":"first","9":"instock","10":"sold-individually","11":"shipping-taxable","12":"product-type-simple"},"_links":{"self":[{"href":"https:\/\/bevoltec.com\/escolarmoveis\/wp-json\/wp\/v2\/product\/345","targetHints":{"allow":["GET"]}}],"collection":[{"href":"https:\/\/bevoltec.com\/escolarmoveis\/wp-json\/wp\/v2\/product"}],"about":[{"href":"https:\/\/bevoltec.com\/escolarmoveis\/wp-json\/wp\/v2\/types\/product"}],"replies":[{"embeddable":true,"href":"https:\/\/bevoltec.com\/escolarmoveis\/wp-json\/wp\/v2\/comments?post=345"}],"wp:featuredmedia":[{"embeddable":true,"href":"https:\/\/bevoltec.com\/escolarmoveis\/wp-json\/wp\/v2\/media\/346"}],"wp:attachment":[{"href":"https:\/\/bevoltec.com\/escolarmoveis\/wp-json\/wp\/v2\/media?parent=345"}],"wp:term":[{"taxonomy":"product_brand","embeddable":true,"href":"https:\/\/bevoltec.com\/escolarmoveis\/wp-json\/wp\/v2\/product_brand?post=345"},{"taxonomy":"product_cat","embeddable":true,"href":"https:\/\/bevoltec.com\/escolarmoveis\/wp-json\/wp\/v2\/product_cat?post=345"},{"taxonomy":"product_tag","embeddable":true,"href":"https:\/\/bevoltec.com\/escolarmoveis\/wp-json\/wp\/v2\/product_tag?post=345"}],"curies":[{"name":"wp","href":"https:\/\/api.w.org\/{rel}","templated":true}]}}