{"id":341,"date":"2024-06-04T16:37:28","date_gmt":"2024-06-04T16:37:28","guid":{"rendered":"https:\/\/bevoltec.com\/escolarmoveis\/?post_type=product&#038;p=341"},"modified":"2024-06-04T16:37:28","modified_gmt":"2024-06-04T16:37:28","slug":"arquivo-de-aco","status":"publish","type":"product","link":"https:\/\/bevoltec.com\/escolarmoveis\/produto\/arquivo-de-aco\/","title":{"rendered":"Arquivo De A\u00e7o"},"content":{"rendered":"<p>\u2022 Quantidade de gavetas: 4<br \/>\n\u2022 Chapa: 26 \/ 0,45mm<br \/>\n\u2022 Medidas: Alt. 1,33 x Larg. 0,47 X Prof. 0,50<br \/>\n\u2022 Puxador: Tipo Al\u00e7a ( Cinza )<br \/>\n\u2022 Portas etiquetas: Sim<br \/>\n\u2022 Deslizamento: Rolamento<br \/>\n\u2022 Capacidade de Peso por gaveta: 15 kg<br \/>\n\u2022 Fechamento: Fechadura Yale ( 2 chaves ).<br \/>\n\u2022 Sapatas Niveladoras: N\u00e3o<br \/>\n\u2022 Desmont\u00e1vel: N\u00e3o<br \/>\n\u2022 Pintura: Ep\u00f3xi P\u00f3<br \/>\n\u2022 Cor: Cinza Padr\u00e3o<\/p>\n","protected":false},"excerpt":{"rendered":"<p>Arquivo produzido em chapa de a\u00e7o tratada com antiferruginoso por fosfatiza\u00e7\u00e3o e pintura ep\u00f3xi-p\u00f3 por processo eletrost\u00e1tico.<\/p>\n","protected":false},"featured_media":342,"comment_status":"open","ping_status":"closed","template":"","meta":{"_joinchat":[]},"product_brand":[],"product_cat":[27],"product_tag":[],"class_list":{"0":"post-341","1":"product","2":"type-product","3":"status-publish","4":"has-post-thumbnail","6":"product_cat-armarios","8":"first","9":"instock","10":"sold-individually","11":"shipping-taxable","12":"product-type-simple"},"_links":{"self":[{"href":"https:\/\/bevoltec.com\/escolarmoveis\/wp-json\/wp\/v2\/product\/341","targetHints":{"allow":["GET"]}}],"collection":[{"href":"https:\/\/bevoltec.com\/escolarmoveis\/wp-json\/wp\/v2\/product"}],"about":[{"href":"https:\/\/bevoltec.com\/escolarmoveis\/wp-json\/wp\/v2\/types\/product"}],"replies":[{"embeddable":true,"href":"https:\/\/bevoltec.com\/escolarmoveis\/wp-json\/wp\/v2\/comments?post=341"}],"wp:featuredmedia":[{"embeddable":true,"href":"https:\/\/bevoltec.com\/escolarmoveis\/wp-json\/wp\/v2\/media\/342"}],"wp:attachment":[{"href":"https:\/\/bevoltec.com\/escolarmoveis\/wp-json\/wp\/v2\/media?parent=341"}],"wp:term":[{"taxonomy":"product_brand","embeddable":true,"href":"https:\/\/bevoltec.com\/escolarmoveis\/wp-json\/wp\/v2\/product_brand?post=341"},{"taxonomy":"product_cat","embeddable":true,"href":"https:\/\/bevoltec.com\/escolarmoveis\/wp-json\/wp\/v2\/product_cat?post=341"},{"taxonomy":"product_tag","embeddable":true,"href":"https:\/\/bevoltec.com\/escolarmoveis\/wp-json\/wp\/v2\/product_tag?post=341"}],"curies":[{"name":"wp","href":"https:\/\/api.w.org\/{rel}","templated":true}]}}