{"id":333,"date":"2024-06-04T16:22:10","date_gmt":"2024-06-04T16:22:10","guid":{"rendered":"https:\/\/bevoltec.com\/escolarmoveis\/?post_type=product&#038;p=333"},"modified":"2024-06-04T16:26:30","modified_gmt":"2024-06-04T16:26:30","slug":"armario-ae-15-70","status":"publish","type":"product","link":"https:\/\/bevoltec.com\/escolarmoveis\/produto\/armario-ae-15-70\/","title":{"rendered":"Arm\u00e1rio -AE -15\/70"},"content":{"rendered":"<p>\u2022 Modelo: PA 15\/70<\/p>\n<p>\u2022 Corpo e Prateleiras: Chapa #26\u00a0&#8211; 0,45 mm<\/p>\n<p>\u2022 Medida total: Alt. 1,50\u00a0m x Larg. 0,70\u00a0cm X Prof. 0,30\u00a0cm<\/p>\n<p>\u2022 Qtd. Prateleiras: 3 com refor\u00e7o \u00f4mega<\/p>\n<p>\u2022 Fechamento: Fechadura Tipo Yale<\/p>\n<p>\u2022 Dobradi\u00e7as: Pino zincado.<\/p>\n<p>\u2022 Portas de Abrir sem puxador<\/p>\n<p>\u2022 P\u00e9s: Sapatas Niveladoras<\/p>\n<p>\u2022 Pintura: Ep\u00f3xi P\u00f3<\/p>\n<p>\u2022 Cor: Cinza<\/p>\n","protected":false},"excerpt":{"rendered":"<p>Arm\u00e1rio de a\u00e7o produzido em chapa de a\u00e7o tratada com antiferruginoso por fosfatiza\u00e7\u00e3o e pintura ep\u00f3xi-p\u00f3 por processo eletrost\u00e1tico. \u2022 Prateleiras: fabricadas com 3\u00aa dobra e refor\u00e7o de \u00d4mega de fundo, proporcionando maior resist\u00eancia e sustenta\u00e7\u00e3o.<\/p>\n","protected":false},"featured_media":334,"comment_status":"open","ping_status":"closed","template":"","meta":{"_joinchat":[]},"product_brand":[],"product_cat":[27],"product_tag":[],"class_list":{"0":"post-333","1":"product","2":"type-product","3":"status-publish","4":"has-post-thumbnail","6":"product_cat-armarios","8":"first","9":"instock","10":"sold-individually","11":"shipping-taxable","12":"product-type-simple"},"_links":{"self":[{"href":"https:\/\/bevoltec.com\/escolarmoveis\/wp-json\/wp\/v2\/product\/333","targetHints":{"allow":["GET"]}}],"collection":[{"href":"https:\/\/bevoltec.com\/escolarmoveis\/wp-json\/wp\/v2\/product"}],"about":[{"href":"https:\/\/bevoltec.com\/escolarmoveis\/wp-json\/wp\/v2\/types\/product"}],"replies":[{"embeddable":true,"href":"https:\/\/bevoltec.com\/escolarmoveis\/wp-json\/wp\/v2\/comments?post=333"}],"wp:featuredmedia":[{"embeddable":true,"href":"https:\/\/bevoltec.com\/escolarmoveis\/wp-json\/wp\/v2\/media\/334"}],"wp:attachment":[{"href":"https:\/\/bevoltec.com\/escolarmoveis\/wp-json\/wp\/v2\/media?parent=333"}],"wp:term":[{"taxonomy":"product_brand","embeddable":true,"href":"https:\/\/bevoltec.com\/escolarmoveis\/wp-json\/wp\/v2\/product_brand?post=333"},{"taxonomy":"product_cat","embeddable":true,"href":"https:\/\/bevoltec.com\/escolarmoveis\/wp-json\/wp\/v2\/product_cat?post=333"},{"taxonomy":"product_tag","embeddable":true,"href":"https:\/\/bevoltec.com\/escolarmoveis\/wp-json\/wp\/v2\/product_tag?post=333"}],"curies":[{"name":"wp","href":"https:\/\/api.w.org\/{rel}","templated":true}]}}