{"id":329,"date":"2024-06-04T16:17:33","date_gmt":"2024-06-04T16:17:33","guid":{"rendered":"https:\/\/bevoltec.com\/escolarmoveis\/?post_type=product&#038;p=329"},"modified":"2024-06-04T16:18:13","modified_gmt":"2024-06-04T16:18:13","slug":"armario-ferramenta-simples-afs","status":"publish","type":"product","link":"https:\/\/bevoltec.com\/escolarmoveis\/produto\/armario-ferramenta-simples-afs\/","title":{"rendered":"Arm\u00e1rio Ferramenta Simples &#8211; AFS"},"content":{"rendered":"<p>Arm\u00e1rio a\u00e7o Chapa #24 (0,60mm espessura), 1 porta abrir e 1 gaveta. Fechaduras com duas chaves, modelo AFS<\/p>\n<p>Acabamento: Tratado pelo processo anticorrosivo por fosfatiza\u00e7\u00e3o, processo de pintura em ep\u00f3xi eletrost\u00e1tica \u00e0 P\u00f3, secagem em estufa de alta temperatura 150 graus, na cor cinza claro.<\/p>\n<p>DETALHAMENTOS:<\/p>\n<p>Modelo: AFS<\/p>\n<p>Quantidades de Gavetas: 01<br \/>\nFechamento: Fechaduras com duas chaves<br \/>\nPortas: Sim de Abrir<br \/>\nP\u00e9s: Fixo<br \/>\nPintura: Ep\u00f3xi P\u00f3<br \/>\nCor: Cinza<\/p>\n","protected":false},"excerpt":{"rendered":"<p>Quantidades de Gavetas: 01<br \/>\nFechamento: Fechaduras com duas chaves<br \/>\nPortas: Sim de Abrir<br \/>\nP\u00e9s: Fixo<br \/>\nPintura: Ep\u00f3xi P\u00f3<br \/>\nCor: Cinza<\/p>\n","protected":false},"featured_media":330,"comment_status":"open","ping_status":"closed","template":"","meta":{"_joinchat":[]},"product_brand":[],"product_cat":[27],"product_tag":[],"class_list":{"0":"post-329","1":"product","2":"type-product","3":"status-publish","4":"has-post-thumbnail","6":"product_cat-armarios","8":"first","9":"instock","10":"sold-individually","11":"shipping-taxable","12":"product-type-simple"},"_links":{"self":[{"href":"https:\/\/bevoltec.com\/escolarmoveis\/wp-json\/wp\/v2\/product\/329","targetHints":{"allow":["GET"]}}],"collection":[{"href":"https:\/\/bevoltec.com\/escolarmoveis\/wp-json\/wp\/v2\/product"}],"about":[{"href":"https:\/\/bevoltec.com\/escolarmoveis\/wp-json\/wp\/v2\/types\/product"}],"replies":[{"embeddable":true,"href":"https:\/\/bevoltec.com\/escolarmoveis\/wp-json\/wp\/v2\/comments?post=329"}],"wp:featuredmedia":[{"embeddable":true,"href":"https:\/\/bevoltec.com\/escolarmoveis\/wp-json\/wp\/v2\/media\/330"}],"wp:attachment":[{"href":"https:\/\/bevoltec.com\/escolarmoveis\/wp-json\/wp\/v2\/media?parent=329"}],"wp:term":[{"taxonomy":"product_brand","embeddable":true,"href":"https:\/\/bevoltec.com\/escolarmoveis\/wp-json\/wp\/v2\/product_brand?post=329"},{"taxonomy":"product_cat","embeddable":true,"href":"https:\/\/bevoltec.com\/escolarmoveis\/wp-json\/wp\/v2\/product_cat?post=329"},{"taxonomy":"product_tag","embeddable":true,"href":"https:\/\/bevoltec.com\/escolarmoveis\/wp-json\/wp\/v2\/product_tag?post=329"}],"curies":[{"name":"wp","href":"https:\/\/api.w.org\/{rel}","templated":true}]}}