{"id":224,"date":"2024-06-03T17:23:01","date_gmt":"2024-06-03T17:23:01","guid":{"rendered":"https:\/\/bevoltec.com\/escolarmoveis\/?page_id=224"},"modified":"2024-06-03T17:23:01","modified_gmt":"2024-06-03T17:23:01","slug":"quem-somos","status":"publish","type":"page","link":"https:\/\/bevoltec.com\/escolarmoveis\/quem-somos\/","title":{"rendered":"Quem Somos"},"content":{"rendered":"<p>A Escolar M\u00f3veis<\/p><p>Tradi\u00e7\u00e3o e Inova\u00e7\u00e3o em M\u00f3veis Escolares, para Escrit\u00f3rio e Audit\u00f3rios<\/p><p>H\u00e1 mais de tr\u00eas d\u00e9cadas, a A Escolar M\u00f3veis tem sido a refer\u00eancia l\u00edder no fornecimento de m\u00f3veis escolares, para escrit\u00f3rio e para audit\u00f3rios em todo o Brasil. Nossa jornada \u00e9 marcada por um compromisso inabal\u00e1vel com a excel\u00eancia e a busca cont\u00ednua por solu\u00e7\u00f5es que transformam espa\u00e7os em ambientes inspiradores.<\/p><p>Compromisso com a Qualidade e Durabilidade<\/p><p>Cada pe\u00e7a que criamos \u00e9 o resultado de um cuidadoso processo de design, sele\u00e7\u00e3o de materiais de alta qualidade e precis\u00e3o na fabrica\u00e7\u00e3o. Isso nos permite oferecer m\u00f3veis que n\u00e3o apenas s\u00e3o visualmente atrativos, mas tamb\u00e9m dur\u00e1veis e funcionais, atendendo \u00e0s necessidades de institui\u00e7\u00f5es educacionais e corporativas.<\/p><p>Parceiros de Confian\u00e7a para Profissionais de Educa\u00e7\u00e3o<\/p><p>Mais de 500 professores e profissionais da educa\u00e7\u00e3o confiam na A Escolar M\u00f3veis para criar ambientes de aprendizado que estimulam a criatividade, colabora\u00e7\u00e3o e concentra\u00e7\u00e3o. Nossos produtos s\u00e3o projetados para se integrarem perfeitamente aos espa\u00e7os, proporcionando conforto e praticidade para alunos e colaboradores.<\/p><p>Inova\u00e7\u00e3o e Sustentabilidade<\/p><p>Al\u00e9m de oferecer solu\u00e7\u00f5es de alta qualidade, tamb\u00e9m estamos comprometidos com a inova\u00e7\u00e3o e a sustentabilidade. Buscamos constantemente novas formas de aprimorar nossos processos e produtos, minimizando nosso impacto ambiental e contribuindo para um futuro mais sustent\u00e1vel.<\/p><p>Nossa Vis\u00e3o<\/p><p>Na A Escolar M\u00f3veis, nossa vis\u00e3o \u00e9 sermos reconhecidos como l\u00edderes em excel\u00eancia e inova\u00e7\u00e3o no fornecimento de m\u00f3veis escolares, para escrit\u00f3rio e para audit\u00f3rios. Queremos continuar sendo a escolha preferida de institui\u00e7\u00f5es educacionais e corporativas que buscam qualidade, durabilidade e design moderno em seus espa\u00e7os.<\/p><p>Entre em Contato<\/p><p>Estamos sempre prontos para colaborar com voc\u00ea na cria\u00e7\u00e3o de ambientes que inspiram e transformam. Entre em contato conosco para saber mais sobre nossos produtos e servi\u00e7os.<\/p><p>Seja bem-vindo \u00e0 A Escolar M\u00f3veis \u2013 Transformando Espa\u00e7os, Inspirando Vidas.<\/p>","protected":false},"excerpt":{"rendered":"<p>A Escolar M\u00f3veis Tradi\u00e7\u00e3o e Inova\u00e7\u00e3o em M\u00f3veis Escolares, para Escrit\u00f3rio e Audit\u00f3rios H\u00e1 mais de tr\u00eas d\u00e9cadas, a A Escolar M\u00f3veis tem sido a refer\u00eancia l\u00edder no fornecimento de m\u00f3veis escolares, para escrit\u00f3rio e para audit\u00f3rios em todo o Brasil. Nossa jornada \u00e9 marcada por um compromisso inabal\u00e1vel com a excel\u00eancia e a busca [&hellip;]<\/p>\n","protected":false},"author":1,"featured_media":0,"parent":0,"menu_order":0,"comment_status":"closed","ping_status":"closed","template":"","meta":{"_joinchat":[],"footnotes":""},"class_list":["post-224","page","type-page","status-publish","hentry"],"_links":{"self":[{"href":"https:\/\/bevoltec.com\/escolarmoveis\/wp-json\/wp\/v2\/pages\/224","targetHints":{"allow":["GET"]}}],"collection":[{"href":"https:\/\/bevoltec.com\/escolarmoveis\/wp-json\/wp\/v2\/pages"}],"about":[{"href":"https:\/\/bevoltec.com\/escolarmoveis\/wp-json\/wp\/v2\/types\/page"}],"author":[{"embeddable":true,"href":"https:\/\/bevoltec.com\/escolarmoveis\/wp-json\/wp\/v2\/users\/1"}],"replies":[{"embeddable":true,"href":"https:\/\/bevoltec.com\/escolarmoveis\/wp-json\/wp\/v2\/comments?post=224"}],"version-history":[{"count":1,"href":"https:\/\/bevoltec.com\/escolarmoveis\/wp-json\/wp\/v2\/pages\/224\/revisions"}],"predecessor-version":[{"id":225,"href":"https:\/\/bevoltec.com\/escolarmoveis\/wp-json\/wp\/v2\/pages\/224\/revisions\/225"}],"wp:attachment":[{"href":"https:\/\/bevoltec.com\/escolarmoveis\/wp-json\/wp\/v2\/media?parent=224"}],"curies":[{"name":"wp","href":"https:\/\/api.w.org\/{rel}","templated":true}]}}