{"id":268,"date":"2023-11-09T19:17:51","date_gmt":"2023-11-09T19:17:51","guid":{"rendered":"https:\/\/bevoltec.com\/encanto-da-vila-2\/?page_id=268"},"modified":"2023-11-10T18:26:06","modified_gmt":"2023-11-10T18:26:06","slug":"reserva","status":"publish","type":"page","link":"https:\/\/bevoltec.com\/encanto-da-vila-2\/reserva\/","title":{"rendered":"Reserva"},"content":{"rendered":"\t\t<div data-elementor-type=\"wp-page\" data-elementor-id=\"268\" class=\"elementor elementor-268\" data-elementor-post-type=\"page\">\n\t\t\t\t\t\t<section class=\"elementor-section elementor-top-section elementor-element elementor-element-f173d52 elementor-section-boxed elementor-section-height-default elementor-section-height-default\" data-id=\"f173d52\" data-element_type=\"section\" data-e-type=\"section\" data-settings=\"{&quot;background_background&quot;:&quot;slideshow&quot;,&quot;background_slideshow_ken_burns&quot;:&quot;yes&quot;,&quot;background_slideshow_ken_burns_zoom_direction&quot;:&quot;out&quot;,&quot;background_slideshow_gallery&quot;:[{&quot;id&quot;:114,&quot;url&quot;:&quot;https:\\\/\\\/bevoltec.com\\\/encanto-da-vila-2\\\/wp-content\\\/uploads\\\/2023\\\/11\\\/ae6f20_3816cedb6f244891b7ec3a4b70bfed5cmv2.jpeg&quot;},{&quot;id&quot;:116,&quot;url&quot;:&quot;https:\\\/\\\/bevoltec.com\\\/encanto-da-vila-2\\\/wp-content\\\/uploads\\\/2023\\\/11\\\/ae6f20_8337d58515a04d988e61919646f99780mv2.jpeg&quot;},{&quot;id&quot;:117,&quot;url&quot;:&quot;https:\\\/\\\/bevoltec.com\\\/encanto-da-vila-2\\\/wp-content\\\/uploads\\\/2023\\\/11\\\/ae6f20_91097b05af764e39b9c9b461778cbc06mv2.jpeg&quot;},{&quot;id&quot;:118,&quot;url&quot;:&quot;https:\\\/\\\/bevoltec.com\\\/encanto-da-vila-2\\\/wp-content\\\/uploads\\\/2023\\\/11\\\/ae6f20_fc79743351944c0092d16a61161b9e4amv2-1.jpeg&quot;},{&quot;id&quot;:119,&quot;url&quot;:&quot;https:\\\/\\\/bevoltec.com\\\/encanto-da-vila-2\\\/wp-content\\\/uploads\\\/2023\\\/11\\\/TORRESMO.jpg&quot;}],&quot;background_slideshow_loop&quot;:&quot;yes&quot;,&quot;background_slideshow_slide_duration&quot;:5000,&quot;background_slideshow_slide_transition&quot;:&quot;fade&quot;,&quot;background_slideshow_transition_duration&quot;:500}\">\n\t\t\t\t\t\t\t<div class=\"elementor-background-overlay\"><\/div>\n\t\t\t\t\t\t\t<div class=\"elementor-container elementor-column-gap-default\">\n\t\t\t\t\t<div class=\"elementor-column elementor-col-50 elementor-top-column elementor-element elementor-element-47a9cd7\" data-id=\"47a9cd7\" data-element_type=\"column\" data-e-type=\"column\">\n\t\t\t<div class=\"elementor-widget-wrap elementor-element-populated\">\n\t\t\t\t\t\t<div class=\"elementor-element elementor-element-72dcdb8 animated-slow elementor-invisible elementor-widget elementor-widget-heading\" data-id=\"72dcdb8\" data-element_type=\"widget\" data-e-type=\"widget\" data-settings=\"{&quot;_animation&quot;:&quot;fadeInUp&quot;}\" data-widget_type=\"heading.default\">\n\t\t\t\t<div class=\"elementor-widget-container\">\n\t\t\t\t\t<h5 class=\"elementor-heading-title elementor-size-default\">Bem vindo ao<\/h5>\t\t\t\t<\/div>\n\t\t\t\t<\/div>\n\t\t\t\t<div class=\"elementor-element elementor-element-0c3e727 animated-slow elementor-invisible elementor-widget elementor-widget-heading\" data-id=\"0c3e727\" data-element_type=\"widget\" data-e-type=\"widget\" data-settings=\"{&quot;_animation&quot;:&quot;fadeInUp&quot;}\" data-widget_type=\"heading.default\">\n\t\t\t\t<div class=\"elementor-widget-container\">\n\t\t\t\t\t<h5 class=\"elementor-heading-title elementor-size-default\">Encanto da Vila<\/h5>\t\t\t\t<\/div>\n\t\t\t\t<\/div>\n\t\t\t\t<div class=\"elementor-element elementor-element-430ddc7 animated-slow elementor-invisible elementor-widget elementor-widget-text-editor\" data-id=\"430ddc7\" data-element_type=\"widget\" data-e-type=\"widget\" data-settings=\"{&quot;_animation&quot;:&quot;fadeInDown&quot;}\" data-widget_type=\"text-editor.default\">\n\t\t\t\t<div class=\"elementor-widget-container\">\n\t\t\t\t\t\t\t\t\t<p>Onde a magia acontece: Encanto da Vila Bar \u00e9 seu ref\u00fagio urbano para drinks aut\u00eanticos e m\u00fasica ao vivo. #MagiaEEncanto<\/p>\t\t\t\t\t\t\t\t<\/div>\n\t\t\t\t<\/div>\n\t\t\t\t<div class=\"elementor-element elementor-element-2f8d26c elementor-align-left animated-slow elementor-tablet-align-center elementor-invisible elementor-widget elementor-widget-button\" data-id=\"2f8d26c\" data-element_type=\"widget\" data-e-type=\"widget\" data-settings=\"{&quot;_animation&quot;:&quot;fadeInUp&quot;}\" data-widget_type=\"button.default\">\n\t\t\t\t<div class=\"elementor-widget-container\">\n\t\t\t\t\t\t\t\t\t<div class=\"elementor-button-wrapper\">\n\t\t\t\t\t<a class=\"elementor-button elementor-button-link elementor-size-sm elementor-animation-float\" href=\"#\">\n\t\t\t\t\t\t<span class=\"elementor-button-content-wrapper\">\n\t\t\t\t\t\t\t\t\t<span class=\"elementor-button-text\">Saber mais<\/span>\n\t\t\t\t\t<\/span>\n\t\t\t\t\t<\/a>\n\t\t\t\t<\/div>\n\t\t\t\t\t\t\t\t<\/div>\n\t\t\t\t<\/div>\n\t\t\t\t\t<\/div>\n\t\t<\/div>\n\t\t\t\t<div class=\"elementor-column elementor-col-50 elementor-top-column elementor-element elementor-element-85c2b1d elementor-hidden-mobile elementor-hidden-tablet\" data-id=\"85c2b1d\" data-element_type=\"column\" data-e-type=\"column\">\n\t\t\t<div class=\"elementor-widget-wrap elementor-element-populated\">\n\t\t\t\t\t\t<div class=\"elementor-element elementor-element-219b831 elementor-absolute animated-slow elementor-invisible elementor-widget elementor-widget-image\" data-id=\"219b831\" data-element_type=\"widget\" data-e-type=\"widget\" data-settings=\"{&quot;_position&quot;:&quot;absolute&quot;,&quot;_animation&quot;:&quot;fadeInUp&quot;}\" data-widget_type=\"image.default\">\n\t\t\t\t<div class=\"elementor-widget-container\">\n\t\t\t\t\t\t\t\t\t\t\t\t\t\t\t<img fetchpriority=\"high\" decoding=\"async\" width=\"354\" height=\"715\" src=\"https:\/\/bevoltec.com\/encanto-da-vila-2\/wp-content\/uploads\/2023\/11\/mockup-3-beer.png\" class=\"attachment-full size-full wp-image-64\" alt=\"\" srcset=\"https:\/\/bevoltec.com\/encanto-da-vila-2\/wp-content\/uploads\/2023\/11\/mockup-3-beer.png 354w, https:\/\/bevoltec.com\/encanto-da-vila-2\/wp-content\/uploads\/2023\/11\/mockup-3-beer-149x300.png 149w\" sizes=\"(max-width: 354px) 100vw, 354px\" \/>\t\t\t\t\t\t\t\t\t\t\t\t\t\t\t<\/div>\n\t\t\t\t<\/div>\n\t\t\t\t\t<\/div>\n\t\t<\/div>\n\t\t\t\t\t<\/div>\n\t\t<\/section>\n\t\t<div class=\"elementor-element elementor-element-db8fbfc elementor-hidden-mobile e-flex e-con-boxed e-con e-parent\" data-id=\"db8fbfc\" data-element_type=\"container\" data-e-type=\"container\">\n\t\t\t\t\t<div class=\"e-con-inner\">\n\t\t\t\t<div class=\"elementor-element elementor-element-e62ed1d elementor-widget__width-initial elementor-widget elementor-widget-stepbooking\" data-id=\"e62ed1d\" data-element_type=\"widget\" data-e-type=\"widget\" data-widget_type=\"stepbooking.default\">\n\t\t\t\t<div class=\"elementor-widget-container\">\n\t\t\t\t\t\n<script>\n  if (typeof hasAmeliaEntitiesApiCall === 'undefined' && '' === '') {\n    var hasAmeliaEntitiesApiCall = true;\n  }\n  var ameliaShortcodeData = (typeof ameliaShortcodeData === 'undefined') ? [] : ameliaShortcodeData;\n  ameliaShortcodeData.push(\n    {\n      'hasApiCall': (typeof hasAmeliaEntitiesApiCall !== 'undefined') && hasAmeliaEntitiesApiCall,\n      'trigger': '',\n      'trigger_type': '',\n      'show': '',\n      'counter': '1000',\n      'category': '',\n      'service': '1',\n      'employee': '1',\n      'location': '',\n      'package': ''\n    }\n  );\n  var ameliaShortcodeDataTriggered = (typeof ameliaShortcodeDataTriggered === 'undefined') ? [] : ameliaShortcodeDataTriggered;\n  if (ameliaShortcodeData[ameliaShortcodeData.length - 1].trigger !== '') {\n    ameliaShortcodeDataTriggered.push(ameliaShortcodeData.pop());\n  }\n  if (typeof hasAmeliaEntitiesApiCall !== 'undefined' && hasAmeliaEntitiesApiCall) {\n    hasAmeliaEntitiesApiCall = false;\n  }\n<\/script>\n\n<div id=\"amelia-v2-booking-1000\"\n     class=\"amelia-v2-booking\"\n>\n  <step-form-wrapper><\/step-form-wrapper>\n<\/div>\n\t\t\t\t<\/div>\n\t\t\t\t<\/div>\n\t\t\t\t<div class=\"elementor-element elementor-element-43899d0 elementor-widget__width-initial elementor-widget elementor-widget-text-editor\" data-id=\"43899d0\" data-element_type=\"widget\" data-e-type=\"widget\" data-widget_type=\"text-editor.default\">\n\t\t\t\t<div class=\"elementor-widget-container\">\n\t\t\t\t\t\t\t\t\t<p>Ol\u00e1, seja bem-vindo(a) ao Encanto da Vila Bar, esperamos ansiosamente sua reserva! Fique atento(a) \u00e0s regras das reservas: &#8211; A reserva ficar\u00e1 dispon\u00edvel at\u00e9 as 20:00hrs com a car\u00eancia de 10 minutos. &#8211; A localiza\u00e7\u00e3o da mesma dependera da quantidade de reservas feitas no dia. &#8211; Em caso de cancelamento, aumento ou diminui\u00e7\u00e3o da quantidade de pessoas, avisem-nos atrav\u00e9s do nosso chat ou pelo whatsapp 16 99405-3405. &#8211; O n\u00e3o comparecimento da quantidade total da reserva, ocasionar\u00e1 a retirada das mesas dispon\u00edveis.<\/p>\t\t\t\t\t\t\t\t<\/div>\n\t\t\t\t<\/div>\n\t\t\t\t\t<\/div>\n\t\t\t\t<\/div>\n\t\t<div class=\"elementor-element elementor-element-4ee4a6c elementor-hidden-desktop elementor-hidden-tablet e-flex e-con-boxed e-con e-parent\" data-id=\"4ee4a6c\" data-element_type=\"container\" data-e-type=\"container\">\n\t\t\t\t\t<div class=\"e-con-inner\">\n\t\t\t\t<div class=\"elementor-element elementor-element-7e1955d elementor-widget__width-initial elementor-widget elementor-widget-text-editor\" data-id=\"7e1955d\" data-element_type=\"widget\" data-e-type=\"widget\" data-widget_type=\"text-editor.default\">\n\t\t\t\t<div class=\"elementor-widget-container\">\n\t\t\t\t\t\t\t\t\t<p>Ol\u00e1, seja bem-vindo(a) ao Encanto da Vila Bar, esperamos ansiosamente sua reserva! Fique atento(a) \u00e0s regras das reservas: &#8211; A reserva ficar\u00e1 dispon\u00edvel at\u00e9 as 20:00hrs com a car\u00eancia de 10 minutos. &#8211; A localiza\u00e7\u00e3o da mesma dependera da quantidade de reservas feitas no dia. &#8211; Em caso de cancelamento, aumento ou diminui\u00e7\u00e3o da quantidade de pessoas, avisem-nos atrav\u00e9s do nosso chat ou pelo whatsapp 16 99405-3405. &#8211; O n\u00e3o comparecimento da quantidade total da reserva, ocasionar\u00e1 a retirada das mesas dispon\u00edveis.<\/p>\t\t\t\t\t\t\t\t<\/div>\n\t\t\t\t<\/div>\n\t\t\t\t<div class=\"elementor-element elementor-element-d95604a elementor-widget__width-initial elementor-widget elementor-widget-stepbooking\" data-id=\"d95604a\" data-element_type=\"widget\" data-e-type=\"widget\" data-widget_type=\"stepbooking.default\">\n\t\t\t\t<div class=\"elementor-widget-container\">\n\t\t\t\t\t\n<script>\n  if (typeof hasAmeliaEntitiesApiCall === 'undefined' && '' === '') {\n    var hasAmeliaEntitiesApiCall = true;\n  }\n  var ameliaShortcodeData = (typeof ameliaShortcodeData === 'undefined') ? [] : ameliaShortcodeData;\n  ameliaShortcodeData.push(\n    {\n      'hasApiCall': (typeof hasAmeliaEntitiesApiCall !== 'undefined') && hasAmeliaEntitiesApiCall,\n      'trigger': '',\n      'trigger_type': '',\n      'show': '',\n      'counter': '1001',\n      'category': '',\n      'service': '1',\n      'employee': '1',\n      'location': '',\n      'package': ''\n    }\n  );\n  var ameliaShortcodeDataTriggered = (typeof ameliaShortcodeDataTriggered === 'undefined') ? [] : ameliaShortcodeDataTriggered;\n  if (ameliaShortcodeData[ameliaShortcodeData.length - 1].trigger !== '') {\n    ameliaShortcodeDataTriggered.push(ameliaShortcodeData.pop());\n  }\n  if (typeof hasAmeliaEntitiesApiCall !== 'undefined' && hasAmeliaEntitiesApiCall) {\n    hasAmeliaEntitiesApiCall = false;\n  }\n<\/script>\n\n<div id=\"amelia-v2-booking-1001\"\n     class=\"amelia-v2-booking\"\n>\n  <step-form-wrapper><\/step-form-wrapper>\n<\/div>\n\t\t\t\t<\/div>\n\t\t\t\t<\/div>\n\t\t\t\t\t<\/div>\n\t\t\t\t<\/div>\n\t\t\t\t<\/div>\n\t\t","protected":false},"excerpt":{"rendered":"<p>Bem vindo ao Encanto da Vila Onde a magia acontece: Encanto da Vila Bar \u00e9 seu ref\u00fagio urbano para drinks aut\u00eanticos e m\u00fasica ao vivo. #MagiaEEncanto Saber mais Ol\u00e1, seja bem-vindo(a) ao Encanto da Vila Bar, esperamos ansiosamente sua reserva! Fique atento(a) \u00e0s regras das reservas: &#8211; A reserva ficar\u00e1 dispon\u00edvel at\u00e9 as 20:00hrs com [&hellip;]<\/p>\n","protected":false},"author":1,"featured_media":0,"parent":0,"menu_order":0,"comment_status":"closed","ping_status":"closed","template":"","meta":{"footnotes":""},"class_list":["post-268","page","type-page","status-publish","hentry"],"_links":{"self":[{"href":"https:\/\/bevoltec.com\/encanto-da-vila-2\/wp-json\/wp\/v2\/pages\/268","targetHints":{"allow":["GET"]}}],"collection":[{"href":"https:\/\/bevoltec.com\/encanto-da-vila-2\/wp-json\/wp\/v2\/pages"}],"about":[{"href":"https:\/\/bevoltec.com\/encanto-da-vila-2\/wp-json\/wp\/v2\/types\/page"}],"author":[{"embeddable":true,"href":"https:\/\/bevoltec.com\/encanto-da-vila-2\/wp-json\/wp\/v2\/users\/1"}],"replies":[{"embeddable":true,"href":"https:\/\/bevoltec.com\/encanto-da-vila-2\/wp-json\/wp\/v2\/comments?post=268"}],"version-history":[{"count":38,"href":"https:\/\/bevoltec.com\/encanto-da-vila-2\/wp-json\/wp\/v2\/pages\/268\/revisions"}],"predecessor-version":[{"id":368,"href":"https:\/\/bevoltec.com\/encanto-da-vila-2\/wp-json\/wp\/v2\/pages\/268\/revisions\/368"}],"wp:attachment":[{"href":"https:\/\/bevoltec.com\/encanto-da-vila-2\/wp-json\/wp\/v2\/media?parent=268"}],"curies":[{"name":"wp","href":"https:\/\/api.w.org\/{rel}","templated":true}]}}